{"id":5530,"date":"2021-01-21T14:54:57","date_gmt":"2021-01-21T13:54:57","guid":{"rendered":"https:\/\/vitaminkistl.at\/?post_type=product&#038;p=5530"},"modified":"2022-10-04T16:13:09","modified_gmt":"2022-10-04T14:13:09","slug":"anterio-nasal-test-vorderer-nasenabstrich-25-stk-karton","status":"publish","type":"product","link":"https:\/\/vitaminkistl.at\/index.php\/produkt\/anterio-nasal-test-vorderer-nasenabstrich-25-stk-karton\/","title":{"rendered":"LEPU Anterio Nasal Test &#8211; Vorderer Nasenabstrich, 25 Stk. Karton"},"content":{"rendered":"<p>Anleitungsvideo des Bildungsministerium: <a href=\"https:\/\/www.youtube.com\/watch?v=duOp8Ij_ooU\" target=\"_blank\" rel=\"noopener noreferrer\">Link zum Video<\/a><\/p>\n<p>&#8211; Sensitivit\u00e4t: 92.00 % (95 % CI: 83.63 % &#8211; 96.28 %)<br \/>\n&#8211; Spezifit\u00e4t: 99.26 % (95 % CI: 95.92 % &#8211; 99.87 %)<br \/>\n&#8211; Offizielle Listung des Bundesinstitutes f\u00fcr Arzneimittel und Medizinprodukte<\/p>\n<p>Dank seiner einfachen Handhabung mit Abstrich im vorderen Nasenraum und der unkomplizierten Auswertung ohne R\u00f6hrchen spart der LEPU AG Schnelltest erheblich Zeit in der Abnahme. Die Testergebnisse liegen innerhalb von 15 Minuten vor.<br \/>\nMit dem Test wird das Nukleokapsid (N)-Protein des Coronavirus nachgewiesen. Mittels eines Teststreifens wird das Testergebnis angezeigt. Je h\u00f6her das Volumen dieses Proteins ist, desto dunkler f\u00e4rbt sich der Teststreifen. Die Auswertung des LEPU Antigen-Schnelltests f\u00e4llt dadurch besonders leicht und vermeidet falsch interpretierte Testergebnisse.<\/p>\n","protected":false},"excerpt":{"rendered":"<p>&#8211; Anterio Nasal Test &#8211; <strong>Abstrich im vorderen Nasenraum<\/strong> durchf\u00fchrbar<br \/>\n&#8211; Dieser Test ist ab sofort auch f\u00fcr Privatpersonen verwendbar, Details dazu findest du in der Packungsbeilage!<br \/>\n&#8211; Dieser Test wurde vom Bildungsministerium f\u00fcr die Tests in Schulen und Kinderg\u00e4rten gekauft<br \/>\n&#8211; Testergebnis in 15 Minuten<br \/>\n&#8211; Einfache Handhabung: Kein R\u00f6hrchen-Test<br \/>\n&#8211; Lagerung: 4\u00b0 &#8211; 30\u00b0 Celsius<br \/>\n&#8211; 1 Packung beinhaltet 25 Tests<br \/>\n&#8211; F\u00fcr gr\u00f6\u00dfere Mengen bitte anfragen unter <a href=\"mailto:bestellung@hygienemittel.at\">bestellung@hygienemittel.at<\/a><\/p>\n","protected":false},"featured_media":5531,"template":"","meta":[],"product_brand":[],"product_cat":[62],"product_tag":[],"class_list":{"0":"post-5530","1":"product","2":"type-product","3":"status-publish","4":"has-post-thumbnail","6":"product_cat-office-produkte","8":"first","9":"instock","10":"shipping-taxable","11":"purchasable","12":"product-type-simple"},"yoast_head":"<!-- This site is optimized with the Yoast SEO plugin v27.6 - https:\/\/yoast.com\/product\/yoast-seo-wordpress\/ -->\n<title>Vitaminkistl - vitaminkistl.at - regional saisonal mit Liebe<\/title>\n<meta name=\"description\" content=\"Wir vom Vitaminkistl haben es uns zur Aufgabe gemacht, euch mit regionalen K\u00f6stlichkeiten zu verw\u00f6hnen.\" \/>\n<meta name=\"robots\" content=\"index, follow, max-snippet:-1, max-image-preview:large, max-video-preview:-1\" \/>\n<link rel=\"canonical\" href=\"https:\/\/vitaminkistl.at\/index.php\/produkt\/anterio-nasal-test-vorderer-nasenabstrich-25-stk-karton\/\" \/>\n<meta property=\"og:locale\" content=\"de_DE\" \/>\n<meta property=\"og:type\" content=\"article\" \/>\n<meta property=\"og:title\" content=\"Vitaminkistl - vitaminkistl.at - regional saisonal mit Liebe\" \/>\n<meta property=\"og:description\" content=\"Wir vom Vitaminkistl haben es uns zur Aufgabe gemacht, euch mit regionalen K\u00f6stlichkeiten zu verw\u00f6hnen.\" \/>\n<meta property=\"og:url\" content=\"https:\/\/vitaminkistl.at\/index.php\/produkt\/anterio-nasal-test-vorderer-nasenabstrich-25-stk-karton\/\" \/>\n<meta property=\"og:site_name\" content=\"vitaminkistl.at\" \/>\n<meta property=\"article:modified_time\" content=\"2022-10-04T14:13:09+00:00\" \/>\n<meta property=\"og:image\" content=\"https:\/\/vitaminkistl.at\/wp-content\/uploads\/2021\/01\/Anitgen_Nasentest1.jpg\" \/>\n\t<meta property=\"og:image:width\" content=\"1177\" \/>\n\t<meta property=\"og:image:height\" content=\"951\" \/>\n\t<meta property=\"og:image:type\" content=\"image\/jpeg\" \/>\n<meta name=\"twitter:card\" content=\"summary_large_image\" \/>\n<meta name=\"twitter:label1\" content=\"Gesch\u00e4tzte Lesezeit\" \/>\n\t<meta name=\"twitter:data1\" content=\"1\u00a0Minute\" \/>\n<script type=\"application\/ld+json\" class=\"yoast-schema-graph\">{\"@context\":\"https:\\\/\\\/schema.org\",\"@graph\":[{\"@type\":\"WebPage\",\"@id\":\"https:\\\/\\\/vitaminkistl.at\\\/index.php\\\/produkt\\\/anterio-nasal-test-vorderer-nasenabstrich-25-stk-karton\\\/\",\"url\":\"https:\\\/\\\/vitaminkistl.at\\\/index.php\\\/produkt\\\/anterio-nasal-test-vorderer-nasenabstrich-25-stk-karton\\\/\",\"name\":\"Vitaminkistl - vitaminkistl.at - regional saisonal mit Liebe\",\"isPartOf\":{\"@id\":\"https:\\\/\\\/vitaminkistl.at\\\/#website\"},\"primaryImageOfPage\":{\"@id\":\"https:\\\/\\\/vitaminkistl.at\\\/index.php\\\/produkt\\\/anterio-nasal-test-vorderer-nasenabstrich-25-stk-karton\\\/#primaryimage\"},\"image\":{\"@id\":\"https:\\\/\\\/vitaminkistl.at\\\/index.php\\\/produkt\\\/anterio-nasal-test-vorderer-nasenabstrich-25-stk-karton\\\/#primaryimage\"},\"thumbnailUrl\":\"https:\\\/\\\/vitaminkistl.at\\\/wp-content\\\/uploads\\\/2021\\\/01\\\/Anitgen_Nasentest1.jpg\",\"datePublished\":\"2021-01-21T13:54:57+00:00\",\"dateModified\":\"2022-10-04T14:13:09+00:00\",\"description\":\"Wir vom Vitaminkistl haben es uns zur Aufgabe gemacht, euch mit regionalen K\u00f6stlichkeiten zu verw\u00f6hnen.\",\"breadcrumb\":{\"@id\":\"https:\\\/\\\/vitaminkistl.at\\\/index.php\\\/produkt\\\/anterio-nasal-test-vorderer-nasenabstrich-25-stk-karton\\\/#breadcrumb\"},\"inLanguage\":\"de\",\"potentialAction\":[{\"@type\":\"ReadAction\",\"target\":[\"https:\\\/\\\/vitaminkistl.at\\\/index.php\\\/produkt\\\/anterio-nasal-test-vorderer-nasenabstrich-25-stk-karton\\\/\"]}]},{\"@type\":\"ImageObject\",\"inLanguage\":\"de\",\"@id\":\"https:\\\/\\\/vitaminkistl.at\\\/index.php\\\/produkt\\\/anterio-nasal-test-vorderer-nasenabstrich-25-stk-karton\\\/#primaryimage\",\"url\":\"https:\\\/\\\/vitaminkistl.at\\\/wp-content\\\/uploads\\\/2021\\\/01\\\/Anitgen_Nasentest1.jpg\",\"contentUrl\":\"https:\\\/\\\/vitaminkistl.at\\\/wp-content\\\/uploads\\\/2021\\\/01\\\/Anitgen_Nasentest1.jpg\",\"width\":1177,\"height\":951,\"caption\":\"Antigen Nasentest\"},{\"@type\":\"BreadcrumbList\",\"@id\":\"https:\\\/\\\/vitaminkistl.at\\\/index.php\\\/produkt\\\/anterio-nasal-test-vorderer-nasenabstrich-25-stk-karton\\\/#breadcrumb\",\"itemListElement\":[{\"@type\":\"ListItem\",\"position\":1,\"name\":\"Home\",\"item\":\"https:\\\/\\\/vitaminkistl.at\\\/index.php\\\/vitaminkistl\\\/\"},{\"@type\":\"ListItem\",\"position\":2,\"name\":\"Shop\",\"item\":\"https:\\\/\\\/vitaminkistl.at\\\/index.php\\\/shop\\\/\"},{\"@type\":\"ListItem\",\"position\":3,\"name\":\"LEPU Anterio Nasal Test &#8211; Vorderer Nasenabstrich, 25 Stk. Karton\"}]},{\"@type\":\"WebSite\",\"@id\":\"https:\\\/\\\/vitaminkistl.at\\\/#website\",\"url\":\"https:\\\/\\\/vitaminkistl.at\\\/\",\"name\":\"vitaminkistl.at\",\"description\":\"Das regionale Obst bzw. Gem\u00fcsekistl\",\"publisher\":{\"@id\":\"https:\\\/\\\/vitaminkistl.at\\\/#organization\"},\"potentialAction\":[{\"@type\":\"SearchAction\",\"target\":{\"@type\":\"EntryPoint\",\"urlTemplate\":\"https:\\\/\\\/vitaminkistl.at\\\/?s={search_term_string}\"},\"query-input\":{\"@type\":\"PropertyValueSpecification\",\"valueRequired\":true,\"valueName\":\"search_term_string\"}}],\"inLanguage\":\"de\"},{\"@type\":\"Organization\",\"@id\":\"https:\\\/\\\/vitaminkistl.at\\\/#organization\",\"name\":\"Vitaminkistl\",\"url\":\"https:\\\/\\\/vitaminkistl.at\\\/\",\"logo\":{\"@type\":\"ImageObject\",\"inLanguage\":\"de\",\"@id\":\"https:\\\/\\\/vitaminkistl.at\\\/#\\\/schema\\\/logo\\\/image\\\/\",\"url\":\"https:\\\/\\\/vitaminkistl.at\\\/wp-content\\\/uploads\\\/2020\\\/03\\\/Logo_Vitaminkistl_v1.png\",\"contentUrl\":\"https:\\\/\\\/vitaminkistl.at\\\/wp-content\\\/uploads\\\/2020\\\/03\\\/Logo_Vitaminkistl_v1.png\",\"width\":1036,\"height\":291,\"caption\":\"Vitaminkistl\"},\"image\":{\"@id\":\"https:\\\/\\\/vitaminkistl.at\\\/#\\\/schema\\\/logo\\\/image\\\/\"}}]}<\/script>\n<!-- \/ Yoast SEO plugin. -->","yoast_head_json":{"title":"Vitaminkistl - vitaminkistl.at - regional saisonal mit Liebe","description":"Wir vom Vitaminkistl haben es uns zur Aufgabe gemacht, euch mit regionalen K\u00f6stlichkeiten zu verw\u00f6hnen.","robots":{"index":"index","follow":"follow","max-snippet":"max-snippet:-1","max-image-preview":"max-image-preview:large","max-video-preview":"max-video-preview:-1"},"canonical":"https:\/\/vitaminkistl.at\/index.php\/produkt\/anterio-nasal-test-vorderer-nasenabstrich-25-stk-karton\/","og_locale":"de_DE","og_type":"article","og_title":"Vitaminkistl - vitaminkistl.at - regional saisonal mit Liebe","og_description":"Wir vom Vitaminkistl haben es uns zur Aufgabe gemacht, euch mit regionalen K\u00f6stlichkeiten zu verw\u00f6hnen.","og_url":"https:\/\/vitaminkistl.at\/index.php\/produkt\/anterio-nasal-test-vorderer-nasenabstrich-25-stk-karton\/","og_site_name":"vitaminkistl.at","article_modified_time":"2022-10-04T14:13:09+00:00","og_image":[{"width":1177,"height":951,"url":"https:\/\/vitaminkistl.at\/wp-content\/uploads\/2021\/01\/Anitgen_Nasentest1.jpg","type":"image\/jpeg"}],"twitter_card":"summary_large_image","twitter_misc":{"Gesch\u00e4tzte Lesezeit":"1\u00a0Minute"},"schema":{"@context":"https:\/\/schema.org","@graph":[{"@type":"WebPage","@id":"https:\/\/vitaminkistl.at\/index.php\/produkt\/anterio-nasal-test-vorderer-nasenabstrich-25-stk-karton\/","url":"https:\/\/vitaminkistl.at\/index.php\/produkt\/anterio-nasal-test-vorderer-nasenabstrich-25-stk-karton\/","name":"Vitaminkistl - vitaminkistl.at - regional saisonal mit Liebe","isPartOf":{"@id":"https:\/\/vitaminkistl.at\/#website"},"primaryImageOfPage":{"@id":"https:\/\/vitaminkistl.at\/index.php\/produkt\/anterio-nasal-test-vorderer-nasenabstrich-25-stk-karton\/#primaryimage"},"image":{"@id":"https:\/\/vitaminkistl.at\/index.php\/produkt\/anterio-nasal-test-vorderer-nasenabstrich-25-stk-karton\/#primaryimage"},"thumbnailUrl":"https:\/\/vitaminkistl.at\/wp-content\/uploads\/2021\/01\/Anitgen_Nasentest1.jpg","datePublished":"2021-01-21T13:54:57+00:00","dateModified":"2022-10-04T14:13:09+00:00","description":"Wir vom Vitaminkistl haben es uns zur Aufgabe gemacht, euch mit regionalen K\u00f6stlichkeiten zu verw\u00f6hnen.","breadcrumb":{"@id":"https:\/\/vitaminkistl.at\/index.php\/produkt\/anterio-nasal-test-vorderer-nasenabstrich-25-stk-karton\/#breadcrumb"},"inLanguage":"de","potentialAction":[{"@type":"ReadAction","target":["https:\/\/vitaminkistl.at\/index.php\/produkt\/anterio-nasal-test-vorderer-nasenabstrich-25-stk-karton\/"]}]},{"@type":"ImageObject","inLanguage":"de","@id":"https:\/\/vitaminkistl.at\/index.php\/produkt\/anterio-nasal-test-vorderer-nasenabstrich-25-stk-karton\/#primaryimage","url":"https:\/\/vitaminkistl.at\/wp-content\/uploads\/2021\/01\/Anitgen_Nasentest1.jpg","contentUrl":"https:\/\/vitaminkistl.at\/wp-content\/uploads\/2021\/01\/Anitgen_Nasentest1.jpg","width":1177,"height":951,"caption":"Antigen Nasentest"},{"@type":"BreadcrumbList","@id":"https:\/\/vitaminkistl.at\/index.php\/produkt\/anterio-nasal-test-vorderer-nasenabstrich-25-stk-karton\/#breadcrumb","itemListElement":[{"@type":"ListItem","position":1,"name":"Home","item":"https:\/\/vitaminkistl.at\/index.php\/vitaminkistl\/"},{"@type":"ListItem","position":2,"name":"Shop","item":"https:\/\/vitaminkistl.at\/index.php\/shop\/"},{"@type":"ListItem","position":3,"name":"LEPU Anterio Nasal Test &#8211; Vorderer Nasenabstrich, 25 Stk. Karton"}]},{"@type":"WebSite","@id":"https:\/\/vitaminkistl.at\/#website","url":"https:\/\/vitaminkistl.at\/","name":"vitaminkistl.at","description":"Das regionale Obst bzw. Gem\u00fcsekistl","publisher":{"@id":"https:\/\/vitaminkistl.at\/#organization"},"potentialAction":[{"@type":"SearchAction","target":{"@type":"EntryPoint","urlTemplate":"https:\/\/vitaminkistl.at\/?s={search_term_string}"},"query-input":{"@type":"PropertyValueSpecification","valueRequired":true,"valueName":"search_term_string"}}],"inLanguage":"de"},{"@type":"Organization","@id":"https:\/\/vitaminkistl.at\/#organization","name":"Vitaminkistl","url":"https:\/\/vitaminkistl.at\/","logo":{"@type":"ImageObject","inLanguage":"de","@id":"https:\/\/vitaminkistl.at\/#\/schema\/logo\/image\/","url":"https:\/\/vitaminkistl.at\/wp-content\/uploads\/2020\/03\/Logo_Vitaminkistl_v1.png","contentUrl":"https:\/\/vitaminkistl.at\/wp-content\/uploads\/2020\/03\/Logo_Vitaminkistl_v1.png","width":1036,"height":291,"caption":"Vitaminkistl"},"image":{"@id":"https:\/\/vitaminkistl.at\/#\/schema\/logo\/image\/"}}]}},"tiered_pricing_type":"fixed","tiered_pricing_fixed_rules":[],"tiered_pricing_product_settings":{"layout":"default","base_unit_name":{"singular":null,"plural":null},"default_variation":null},"tiered_pricing_minimum_quantity":null,"tiered_pricing_roles_data":[],"tiered_pricing_percentage_rules":[],"_links":{"self":[{"href":"https:\/\/vitaminkistl.at\/index.php\/wp-json\/wp\/v2\/product\/5530","targetHints":{"allow":["GET"]}}],"collection":[{"href":"https:\/\/vitaminkistl.at\/index.php\/wp-json\/wp\/v2\/product"}],"about":[{"href":"https:\/\/vitaminkistl.at\/index.php\/wp-json\/wp\/v2\/types\/product"}],"wp:featuredmedia":[{"embeddable":true,"href":"https:\/\/vitaminkistl.at\/index.php\/wp-json\/wp\/v2\/media\/5531"}],"wp:attachment":[{"href":"https:\/\/vitaminkistl.at\/index.php\/wp-json\/wp\/v2\/media?parent=5530"}],"wp:term":[{"taxonomy":"product_brand","embeddable":true,"href":"https:\/\/vitaminkistl.at\/index.php\/wp-json\/wp\/v2\/product_brand?post=5530"},{"taxonomy":"product_cat","embeddable":true,"href":"https:\/\/vitaminkistl.at\/index.php\/wp-json\/wp\/v2\/product_cat?post=5530"},{"taxonomy":"product_tag","embeddable":true,"href":"https:\/\/vitaminkistl.at\/index.php\/wp-json\/wp\/v2\/product_tag?post=5530"}],"curies":[{"name":"wp","href":"https:\/\/api.w.org\/{rel}","templated":true}]}}