{"id":3966,"date":"2020-10-30T21:04:47","date_gmt":"2020-10-30T20:04:47","guid":{"rendered":"https:\/\/vitaminkistl.at\/index.php\/produkt\/may-31-fusili-300g\/"},"modified":"2021-08-20T13:08:02","modified_gmt":"2021-08-20T11:08:02","slug":"fusilli","status":"publish","type":"product","link":"https:\/\/vitaminkistl.at\/index.php\/produkt\/fusilli\/","title":{"rendered":"Fusilli"},"content":{"rendered":"<p>Name: Fusilli<br \/>\nMein Gewicht: 400g bin ich schwer<br \/>\nWoher ich komme: Produziert von Carina &amp; Kevin in Hietzing, Wien, \u00d6sterreich<br \/>\nWoraus ich bestehe: Hartweizengrie\u00df (von einer \u00f6sterreichischen M\u00fchle), Wiener Hochquellwasser, Kurkuma<br \/>\nWie lange ich halte: ca. 12 Monate, aber so lange m\u00f6chte ich eigentlich nicht herumsitzen \ud83d\ude09<br \/>\nWie m\u00f6chte ich gerne gelagert werden: k\u00fchl &amp; trocken, vor Sonnenlicht gesch\u00fctzt<br \/>\nKochzeit: ca. 8 Minuten, bitte erst bei sprudelndem Wasser hineingeben<br \/>\nVegan<\/p>\n","protected":false},"excerpt":{"rendered":"<p>Gerne bin ich im Teller zusammen mit: einem Rag\u00f9 alla Bolognese<\/p>\n","protected":false},"featured_media":4399,"template":"","meta":[],"product_brand":[],"product_cat":[178,149],"product_tag":[],"class_list":{"0":"post-3966","1":"product","2":"type-product","3":"status-publish","4":"has-post-thumbnail","6":"product_cat-nudeln-mehl-und-getreideprodukte","7":"product_cat-topseller","9":"first","10":"instock","11":"taxable","12":"shipping-taxable","13":"purchasable","14":"product-type-simple"},"yoast_head":"<!-- This site is optimized with the Yoast SEO plugin v27.3 - https:\/\/yoast.com\/product\/yoast-seo-wordpress\/ -->\n<title>Vitaminkistl - vitaminkistl.at - regional saisonal mit Liebe<\/title>\n<meta name=\"description\" content=\"Wir vom Vitaminkistl haben es uns zur Aufgabe gemacht, euch mit regionalen K\u00f6stlichkeiten zu verw\u00f6hnen.\" \/>\n<meta name=\"robots\" content=\"index, follow, max-snippet:-1, max-image-preview:large, max-video-preview:-1\" \/>\n<link rel=\"canonical\" href=\"https:\/\/vitaminkistl.at\/index.php\/produkt\/fusilli\/\" \/>\n<meta property=\"og:locale\" content=\"de_DE\" \/>\n<meta property=\"og:type\" content=\"article\" \/>\n<meta property=\"og:title\" content=\"Vitaminkistl - vitaminkistl.at - regional saisonal mit Liebe\" \/>\n<meta property=\"og:description\" content=\"Wir vom Vitaminkistl haben es uns zur Aufgabe gemacht, euch mit regionalen K\u00f6stlichkeiten zu verw\u00f6hnen.\" \/>\n<meta property=\"og:url\" content=\"https:\/\/vitaminkistl.at\/index.php\/produkt\/fusilli\/\" \/>\n<meta property=\"og:site_name\" content=\"vitaminkistl.at\" \/>\n<meta property=\"article:modified_time\" content=\"2021-08-20T11:08:02+00:00\" \/>\n<meta property=\"og:image\" content=\"https:\/\/vitaminkistl.at\/wp-content\/uploads\/2020\/10\/Fusilli.jpg\" \/>\n\t<meta property=\"og:image:width\" content=\"800\" \/>\n\t<meta property=\"og:image:height\" content=\"800\" \/>\n\t<meta property=\"og:image:type\" content=\"image\/jpeg\" \/>\n<meta name=\"twitter:card\" content=\"summary_large_image\" \/>\n<script type=\"application\/ld+json\" class=\"yoast-schema-graph\">{\"@context\":\"https:\\\/\\\/schema.org\",\"@graph\":[{\"@type\":\"WebPage\",\"@id\":\"https:\\\/\\\/vitaminkistl.at\\\/index.php\\\/produkt\\\/fusilli\\\/\",\"url\":\"https:\\\/\\\/vitaminkistl.at\\\/index.php\\\/produkt\\\/fusilli\\\/\",\"name\":\"Vitaminkistl - vitaminkistl.at - regional saisonal mit Liebe\",\"isPartOf\":{\"@id\":\"https:\\\/\\\/vitaminkistl.at\\\/#website\"},\"primaryImageOfPage\":{\"@id\":\"https:\\\/\\\/vitaminkistl.at\\\/index.php\\\/produkt\\\/fusilli\\\/#primaryimage\"},\"image\":{\"@id\":\"https:\\\/\\\/vitaminkistl.at\\\/index.php\\\/produkt\\\/fusilli\\\/#primaryimage\"},\"thumbnailUrl\":\"https:\\\/\\\/vitaminkistl.at\\\/wp-content\\\/uploads\\\/2020\\\/10\\\/Fusilli.jpg\",\"datePublished\":\"2020-10-30T20:04:47+00:00\",\"dateModified\":\"2021-08-20T11:08:02+00:00\",\"description\":\"Wir vom Vitaminkistl haben es uns zur Aufgabe gemacht, euch mit regionalen K\u00f6stlichkeiten zu verw\u00f6hnen.\",\"breadcrumb\":{\"@id\":\"https:\\\/\\\/vitaminkistl.at\\\/index.php\\\/produkt\\\/fusilli\\\/#breadcrumb\"},\"inLanguage\":\"de\",\"potentialAction\":[{\"@type\":\"ReadAction\",\"target\":[\"https:\\\/\\\/vitaminkistl.at\\\/index.php\\\/produkt\\\/fusilli\\\/\"]}]},{\"@type\":\"ImageObject\",\"inLanguage\":\"de\",\"@id\":\"https:\\\/\\\/vitaminkistl.at\\\/index.php\\\/produkt\\\/fusilli\\\/#primaryimage\",\"url\":\"https:\\\/\\\/vitaminkistl.at\\\/wp-content\\\/uploads\\\/2020\\\/10\\\/Fusilli.jpg\",\"contentUrl\":\"https:\\\/\\\/vitaminkistl.at\\\/wp-content\\\/uploads\\\/2020\\\/10\\\/Fusilli.jpg\",\"width\":800,\"height\":800,\"caption\":\"Fusilli\"},{\"@type\":\"BreadcrumbList\",\"@id\":\"https:\\\/\\\/vitaminkistl.at\\\/index.php\\\/produkt\\\/fusilli\\\/#breadcrumb\",\"itemListElement\":[{\"@type\":\"ListItem\",\"position\":1,\"name\":\"Home\",\"item\":\"https:\\\/\\\/vitaminkistl.at\\\/index.php\\\/vitaminkistl\\\/\"},{\"@type\":\"ListItem\",\"position\":2,\"name\":\"Shop\",\"item\":\"https:\\\/\\\/vitaminkistl.at\\\/index.php\\\/shop\\\/\"},{\"@type\":\"ListItem\",\"position\":3,\"name\":\"Fusilli\"}]},{\"@type\":\"WebSite\",\"@id\":\"https:\\\/\\\/vitaminkistl.at\\\/#website\",\"url\":\"https:\\\/\\\/vitaminkistl.at\\\/\",\"name\":\"vitaminkistl.at\",\"description\":\"Das regionale Obst bzw. Gem\u00fcsekistl\",\"publisher\":{\"@id\":\"https:\\\/\\\/vitaminkistl.at\\\/#organization\"},\"potentialAction\":[{\"@type\":\"SearchAction\",\"target\":{\"@type\":\"EntryPoint\",\"urlTemplate\":\"https:\\\/\\\/vitaminkistl.at\\\/?s={search_term_string}\"},\"query-input\":{\"@type\":\"PropertyValueSpecification\",\"valueRequired\":true,\"valueName\":\"search_term_string\"}}],\"inLanguage\":\"de\"},{\"@type\":\"Organization\",\"@id\":\"https:\\\/\\\/vitaminkistl.at\\\/#organization\",\"name\":\"Vitaminkistl\",\"url\":\"https:\\\/\\\/vitaminkistl.at\\\/\",\"logo\":{\"@type\":\"ImageObject\",\"inLanguage\":\"de\",\"@id\":\"https:\\\/\\\/vitaminkistl.at\\\/#\\\/schema\\\/logo\\\/image\\\/\",\"url\":\"https:\\\/\\\/vitaminkistl.at\\\/wp-content\\\/uploads\\\/2020\\\/03\\\/Logo_Vitaminkistl_v1.png\",\"contentUrl\":\"https:\\\/\\\/vitaminkistl.at\\\/wp-content\\\/uploads\\\/2020\\\/03\\\/Logo_Vitaminkistl_v1.png\",\"width\":1036,\"height\":291,\"caption\":\"Vitaminkistl\"},\"image\":{\"@id\":\"https:\\\/\\\/vitaminkistl.at\\\/#\\\/schema\\\/logo\\\/image\\\/\"}}]}<\/script>\n<!-- \/ Yoast SEO plugin. -->","yoast_head_json":{"title":"Vitaminkistl - vitaminkistl.at - regional saisonal mit Liebe","description":"Wir vom Vitaminkistl haben es uns zur Aufgabe gemacht, euch mit regionalen K\u00f6stlichkeiten zu verw\u00f6hnen.","robots":{"index":"index","follow":"follow","max-snippet":"max-snippet:-1","max-image-preview":"max-image-preview:large","max-video-preview":"max-video-preview:-1"},"canonical":"https:\/\/vitaminkistl.at\/index.php\/produkt\/fusilli\/","og_locale":"de_DE","og_type":"article","og_title":"Vitaminkistl - vitaminkistl.at - regional saisonal mit Liebe","og_description":"Wir vom Vitaminkistl haben es uns zur Aufgabe gemacht, euch mit regionalen K\u00f6stlichkeiten zu verw\u00f6hnen.","og_url":"https:\/\/vitaminkistl.at\/index.php\/produkt\/fusilli\/","og_site_name":"vitaminkistl.at","article_modified_time":"2021-08-20T11:08:02+00:00","og_image":[{"width":800,"height":800,"url":"https:\/\/vitaminkistl.at\/wp-content\/uploads\/2020\/10\/Fusilli.jpg","type":"image\/jpeg"}],"twitter_card":"summary_large_image","schema":{"@context":"https:\/\/schema.org","@graph":[{"@type":"WebPage","@id":"https:\/\/vitaminkistl.at\/index.php\/produkt\/fusilli\/","url":"https:\/\/vitaminkistl.at\/index.php\/produkt\/fusilli\/","name":"Vitaminkistl - vitaminkistl.at - regional saisonal mit Liebe","isPartOf":{"@id":"https:\/\/vitaminkistl.at\/#website"},"primaryImageOfPage":{"@id":"https:\/\/vitaminkistl.at\/index.php\/produkt\/fusilli\/#primaryimage"},"image":{"@id":"https:\/\/vitaminkistl.at\/index.php\/produkt\/fusilli\/#primaryimage"},"thumbnailUrl":"https:\/\/vitaminkistl.at\/wp-content\/uploads\/2020\/10\/Fusilli.jpg","datePublished":"2020-10-30T20:04:47+00:00","dateModified":"2021-08-20T11:08:02+00:00","description":"Wir vom Vitaminkistl haben es uns zur Aufgabe gemacht, euch mit regionalen K\u00f6stlichkeiten zu verw\u00f6hnen.","breadcrumb":{"@id":"https:\/\/vitaminkistl.at\/index.php\/produkt\/fusilli\/#breadcrumb"},"inLanguage":"de","potentialAction":[{"@type":"ReadAction","target":["https:\/\/vitaminkistl.at\/index.php\/produkt\/fusilli\/"]}]},{"@type":"ImageObject","inLanguage":"de","@id":"https:\/\/vitaminkistl.at\/index.php\/produkt\/fusilli\/#primaryimage","url":"https:\/\/vitaminkistl.at\/wp-content\/uploads\/2020\/10\/Fusilli.jpg","contentUrl":"https:\/\/vitaminkistl.at\/wp-content\/uploads\/2020\/10\/Fusilli.jpg","width":800,"height":800,"caption":"Fusilli"},{"@type":"BreadcrumbList","@id":"https:\/\/vitaminkistl.at\/index.php\/produkt\/fusilli\/#breadcrumb","itemListElement":[{"@type":"ListItem","position":1,"name":"Home","item":"https:\/\/vitaminkistl.at\/index.php\/vitaminkistl\/"},{"@type":"ListItem","position":2,"name":"Shop","item":"https:\/\/vitaminkistl.at\/index.php\/shop\/"},{"@type":"ListItem","position":3,"name":"Fusilli"}]},{"@type":"WebSite","@id":"https:\/\/vitaminkistl.at\/#website","url":"https:\/\/vitaminkistl.at\/","name":"vitaminkistl.at","description":"Das regionale Obst bzw. Gem\u00fcsekistl","publisher":{"@id":"https:\/\/vitaminkistl.at\/#organization"},"potentialAction":[{"@type":"SearchAction","target":{"@type":"EntryPoint","urlTemplate":"https:\/\/vitaminkistl.at\/?s={search_term_string}"},"query-input":{"@type":"PropertyValueSpecification","valueRequired":true,"valueName":"search_term_string"}}],"inLanguage":"de"},{"@type":"Organization","@id":"https:\/\/vitaminkistl.at\/#organization","name":"Vitaminkistl","url":"https:\/\/vitaminkistl.at\/","logo":{"@type":"ImageObject","inLanguage":"de","@id":"https:\/\/vitaminkistl.at\/#\/schema\/logo\/image\/","url":"https:\/\/vitaminkistl.at\/wp-content\/uploads\/2020\/03\/Logo_Vitaminkistl_v1.png","contentUrl":"https:\/\/vitaminkistl.at\/wp-content\/uploads\/2020\/03\/Logo_Vitaminkistl_v1.png","width":1036,"height":291,"caption":"Vitaminkistl"},"image":{"@id":"https:\/\/vitaminkistl.at\/#\/schema\/logo\/image\/"}}]}},"tiered_pricing_type":"fixed","tiered_pricing_fixed_rules":[],"tiered_pricing_product_settings":{"layout":"default","base_unit_name":{"singular":null,"plural":null},"default_variation":null},"tiered_pricing_minimum_quantity":null,"tiered_pricing_roles_data":[],"tiered_pricing_percentage_rules":[],"_links":{"self":[{"href":"https:\/\/vitaminkistl.at\/index.php\/wp-json\/wp\/v2\/product\/3966","targetHints":{"allow":["GET"]}}],"collection":[{"href":"https:\/\/vitaminkistl.at\/index.php\/wp-json\/wp\/v2\/product"}],"about":[{"href":"https:\/\/vitaminkistl.at\/index.php\/wp-json\/wp\/v2\/types\/product"}],"wp:featuredmedia":[{"embeddable":true,"href":"https:\/\/vitaminkistl.at\/index.php\/wp-json\/wp\/v2\/media\/4399"}],"wp:attachment":[{"href":"https:\/\/vitaminkistl.at\/index.php\/wp-json\/wp\/v2\/media?parent=3966"}],"wp:term":[{"taxonomy":"product_brand","embeddable":true,"href":"https:\/\/vitaminkistl.at\/index.php\/wp-json\/wp\/v2\/product_brand?post=3966"},{"taxonomy":"product_cat","embeddable":true,"href":"https:\/\/vitaminkistl.at\/index.php\/wp-json\/wp\/v2\/product_cat?post=3966"},{"taxonomy":"product_tag","embeddable":true,"href":"https:\/\/vitaminkistl.at\/index.php\/wp-json\/wp\/v2\/product_tag?post=3966"}],"curies":[{"name":"wp","href":"https:\/\/api.w.org\/{rel}","templated":true}]}}