{"id":3948,"date":"2020-10-30T20:44:40","date_gmt":"2020-10-30T19:44:40","guid":{"rendered":"https:\/\/vitaminkistl.at\/index.php\/produkt\/mexiko-bio-fair-trade-milder-sortenreiner-100-arabica-kaffee\/"},"modified":"2021-11-03T12:29:53","modified_gmt":"2021-11-03T11:29:53","slug":"mexiko-bio-fair-trade-milder-sortenreiner-100-arabica-kaffee","status":"publish","type":"product","link":"https:\/\/vitaminkistl.at\/index.php\/produkt\/mexiko-bio-fair-trade-milder-sortenreiner-100-arabica-kaffee\/","title":{"rendered":"Mexiko BIO\/Fair Trade"},"content":{"rendered":"<p>Produktuntertitel: Chiapas BIO+FAIRTRADE<\/p>\n<p>Region: Chiapas, Mexico<\/p>\n<p>Zusammensetzung: Reinsortiger Arabica<\/p>\n<p>St\u00e4rke: Mittel<\/p>\n<p>Variet\u00e4t: Arabica: Bourbon, Caturra, Typica, Catua\u00ed<\/p>\n<p>Sensorik: Nase: Marzipan, Milchkaramell, Gr\u00e4ser. Gaumen: schwarze Johannisbeeren, Nussbrot, Kakao. Abgang: weich und frisch.<\/p>\n<p>Erntejahr: 2020<\/p>\n<p>Prozess: Gewaschen<\/p>\n","protected":false},"excerpt":{"rendered":"<p>Unser mexikanischer Kaffee stammt aus der Region Chiapas, von der Gro\u00dfkooperative Federaci\u00f3n Indigena Ecologica de Chiapas (FIECH), ein im Jahr 1993 gegr\u00fcndeter Zusammenschluss von mittlerweile 15 kleineren Kooperativen, die 21 Gemeinden und 2.800 Mitglieder umfasst.<\/p>\n<p>Die Region Chiapas ist gebirgig, hat aber das perfekte Klima f\u00fcr den Kaffeeanbau. Die Menschen der Region leben zumeist in bitterer Armut und st\u00fctzen sich auf Kaffee als Hauptverdienstquelle. Seit 1996 h\u00e4lt FIECH die FAIRTRADE Zertifizierung. Der \u00fcber das FAIRTRADE System garantierte h\u00f6heren Mindestpreis, den die Bauern f\u00fcr ihren Kaffee erhalten wird in die Infrastruktur investiert und \u00fcber das FAIRTRADE System erhielt die Kooperative einen direkten Zugang zu internationalen Kaffeem\u00e4rkten mit h\u00f6heren Preisniveau ohne sich auf Zwischenh\u00e4ndler verlassen zu m\u00fcssen.<\/p>\n<p>FIECH investiert vor Ort in den Ausbau von Sozialsystems und Schulwesen: Sch\u00fclern und Studenten, die in abgelegenen Gegenden weit von Schulen entfernt wohnen, wird die \u00dcbernachtung in den entfernten Bildungseinrichtungen unter der Woche durch den Bau von Schlafs\u00e4len erm\u00f6glicht ebenso sowie das Heimfahren zu den Eltern am Wochenende. Weiters wurde in eine Lagerhalle, in bessere Qualit\u00e4tskontrolle und eine Kaffeebaumaufzuchtstation investiert. Workshops und Trainings f\u00fcr die Kaffeebauern werden abgehalten, um die hohe Kaffeequalit\u00e4t zu erhalten.<\/p>\n<p>Dieser Kaffee eignet sich sehr gut als klassischer Filterkaffee oder Kaffee f\u00fcr die Karlsbader Kanne und ist \u2013 als Espresso getrunken \u2013 als weich und gem\u00fctlich und zu bezeichnen.<\/p>\n","protected":false},"featured_media":4406,"template":"","meta":[],"product_brand":[],"product_cat":[57,63,62],"product_tag":[],"class_list":{"0":"post-3948","1":"product","2":"type-product","3":"status-publish","4":"has-post-thumbnail","6":"product_cat-getraenke","7":"product_cat-kaffee","8":"product_cat-office-produkte","10":"first","11":"instock","12":"taxable","13":"shipping-taxable","14":"purchasable","15":"product-type-simple"},"yoast_head":"<!-- This site is optimized with the Yoast SEO plugin v27.4 - https:\/\/yoast.com\/product\/yoast-seo-wordpress\/ -->\n<title>Vitaminkistl - vitaminkistl.at - regional saisonal mit Liebe<\/title>\n<meta name=\"description\" content=\"Wir vom Vitaminkistl haben es uns zur Aufgabe gemacht, euch mit regionalen K\u00f6stlichkeiten zu verw\u00f6hnen.\" \/>\n<meta name=\"robots\" content=\"index, follow, max-snippet:-1, max-image-preview:large, max-video-preview:-1\" \/>\n<link rel=\"canonical\" href=\"https:\/\/vitaminkistl.at\/index.php\/produkt\/mexiko-bio-fair-trade-milder-sortenreiner-100-arabica-kaffee\/\" \/>\n<meta property=\"og:locale\" content=\"de_DE\" \/>\n<meta property=\"og:type\" content=\"article\" \/>\n<meta property=\"og:title\" content=\"Vitaminkistl - vitaminkistl.at - regional saisonal mit Liebe\" \/>\n<meta property=\"og:description\" content=\"Wir vom Vitaminkistl haben es uns zur Aufgabe gemacht, euch mit regionalen K\u00f6stlichkeiten zu verw\u00f6hnen.\" \/>\n<meta property=\"og:url\" content=\"https:\/\/vitaminkistl.at\/index.php\/produkt\/mexiko-bio-fair-trade-milder-sortenreiner-100-arabica-kaffee\/\" \/>\n<meta property=\"og:site_name\" content=\"vitaminkistl.at\" \/>\n<meta property=\"article:modified_time\" content=\"2021-11-03T11:29:53+00:00\" \/>\n<meta property=\"og:image\" content=\"https:\/\/vitaminkistl.at\/wp-content\/uploads\/2020\/11\/Mexiko.png\" \/>\n\t<meta property=\"og:image:width\" content=\"857\" \/>\n\t<meta property=\"og:image:height\" content=\"1200\" \/>\n\t<meta property=\"og:image:type\" content=\"image\/png\" \/>\n<meta name=\"twitter:card\" content=\"summary_large_image\" \/>\n<script type=\"application\/ld+json\" class=\"yoast-schema-graph\">{\"@context\":\"https:\\\/\\\/schema.org\",\"@graph\":[{\"@type\":\"WebPage\",\"@id\":\"https:\\\/\\\/vitaminkistl.at\\\/index.php\\\/produkt\\\/mexiko-bio-fair-trade-milder-sortenreiner-100-arabica-kaffee\\\/\",\"url\":\"https:\\\/\\\/vitaminkistl.at\\\/index.php\\\/produkt\\\/mexiko-bio-fair-trade-milder-sortenreiner-100-arabica-kaffee\\\/\",\"name\":\"Vitaminkistl - vitaminkistl.at - regional saisonal mit Liebe\",\"isPartOf\":{\"@id\":\"https:\\\/\\\/vitaminkistl.at\\\/#website\"},\"primaryImageOfPage\":{\"@id\":\"https:\\\/\\\/vitaminkistl.at\\\/index.php\\\/produkt\\\/mexiko-bio-fair-trade-milder-sortenreiner-100-arabica-kaffee\\\/#primaryimage\"},\"image\":{\"@id\":\"https:\\\/\\\/vitaminkistl.at\\\/index.php\\\/produkt\\\/mexiko-bio-fair-trade-milder-sortenreiner-100-arabica-kaffee\\\/#primaryimage\"},\"thumbnailUrl\":\"https:\\\/\\\/vitaminkistl.at\\\/wp-content\\\/uploads\\\/2020\\\/11\\\/Mexiko.png\",\"datePublished\":\"2020-10-30T19:44:40+00:00\",\"dateModified\":\"2021-11-03T11:29:53+00:00\",\"description\":\"Wir vom Vitaminkistl haben es uns zur Aufgabe gemacht, euch mit regionalen K\u00f6stlichkeiten zu verw\u00f6hnen.\",\"breadcrumb\":{\"@id\":\"https:\\\/\\\/vitaminkistl.at\\\/index.php\\\/produkt\\\/mexiko-bio-fair-trade-milder-sortenreiner-100-arabica-kaffee\\\/#breadcrumb\"},\"inLanguage\":\"de\",\"potentialAction\":[{\"@type\":\"ReadAction\",\"target\":[\"https:\\\/\\\/vitaminkistl.at\\\/index.php\\\/produkt\\\/mexiko-bio-fair-trade-milder-sortenreiner-100-arabica-kaffee\\\/\"]}]},{\"@type\":\"ImageObject\",\"inLanguage\":\"de\",\"@id\":\"https:\\\/\\\/vitaminkistl.at\\\/index.php\\\/produkt\\\/mexiko-bio-fair-trade-milder-sortenreiner-100-arabica-kaffee\\\/#primaryimage\",\"url\":\"https:\\\/\\\/vitaminkistl.at\\\/wp-content\\\/uploads\\\/2020\\\/11\\\/Mexiko.png\",\"contentUrl\":\"https:\\\/\\\/vitaminkistl.at\\\/wp-content\\\/uploads\\\/2020\\\/11\\\/Mexiko.png\",\"width\":857,\"height\":1200,\"caption\":\"Mexiko\"},{\"@type\":\"BreadcrumbList\",\"@id\":\"https:\\\/\\\/vitaminkistl.at\\\/index.php\\\/produkt\\\/mexiko-bio-fair-trade-milder-sortenreiner-100-arabica-kaffee\\\/#breadcrumb\",\"itemListElement\":[{\"@type\":\"ListItem\",\"position\":1,\"name\":\"Home\",\"item\":\"https:\\\/\\\/vitaminkistl.at\\\/index.php\\\/vitaminkistl\\\/\"},{\"@type\":\"ListItem\",\"position\":2,\"name\":\"Shop\",\"item\":\"https:\\\/\\\/vitaminkistl.at\\\/index.php\\\/shop\\\/\"},{\"@type\":\"ListItem\",\"position\":3,\"name\":\"Mexiko BIO\\\/Fair Trade\"}]},{\"@type\":\"WebSite\",\"@id\":\"https:\\\/\\\/vitaminkistl.at\\\/#website\",\"url\":\"https:\\\/\\\/vitaminkistl.at\\\/\",\"name\":\"vitaminkistl.at\",\"description\":\"Das regionale Obst bzw. Gem\u00fcsekistl\",\"publisher\":{\"@id\":\"https:\\\/\\\/vitaminkistl.at\\\/#organization\"},\"potentialAction\":[{\"@type\":\"SearchAction\",\"target\":{\"@type\":\"EntryPoint\",\"urlTemplate\":\"https:\\\/\\\/vitaminkistl.at\\\/?s={search_term_string}\"},\"query-input\":{\"@type\":\"PropertyValueSpecification\",\"valueRequired\":true,\"valueName\":\"search_term_string\"}}],\"inLanguage\":\"de\"},{\"@type\":\"Organization\",\"@id\":\"https:\\\/\\\/vitaminkistl.at\\\/#organization\",\"name\":\"Vitaminkistl\",\"url\":\"https:\\\/\\\/vitaminkistl.at\\\/\",\"logo\":{\"@type\":\"ImageObject\",\"inLanguage\":\"de\",\"@id\":\"https:\\\/\\\/vitaminkistl.at\\\/#\\\/schema\\\/logo\\\/image\\\/\",\"url\":\"https:\\\/\\\/vitaminkistl.at\\\/wp-content\\\/uploads\\\/2020\\\/03\\\/Logo_Vitaminkistl_v1.png\",\"contentUrl\":\"https:\\\/\\\/vitaminkistl.at\\\/wp-content\\\/uploads\\\/2020\\\/03\\\/Logo_Vitaminkistl_v1.png\",\"width\":1036,\"height\":291,\"caption\":\"Vitaminkistl\"},\"image\":{\"@id\":\"https:\\\/\\\/vitaminkistl.at\\\/#\\\/schema\\\/logo\\\/image\\\/\"}}]}<\/script>\n<!-- \/ Yoast SEO plugin. -->","yoast_head_json":{"title":"Vitaminkistl - vitaminkistl.at - regional saisonal mit Liebe","description":"Wir vom Vitaminkistl haben es uns zur Aufgabe gemacht, euch mit regionalen K\u00f6stlichkeiten zu verw\u00f6hnen.","robots":{"index":"index","follow":"follow","max-snippet":"max-snippet:-1","max-image-preview":"max-image-preview:large","max-video-preview":"max-video-preview:-1"},"canonical":"https:\/\/vitaminkistl.at\/index.php\/produkt\/mexiko-bio-fair-trade-milder-sortenreiner-100-arabica-kaffee\/","og_locale":"de_DE","og_type":"article","og_title":"Vitaminkistl - vitaminkistl.at - regional saisonal mit Liebe","og_description":"Wir vom Vitaminkistl haben es uns zur Aufgabe gemacht, euch mit regionalen K\u00f6stlichkeiten zu verw\u00f6hnen.","og_url":"https:\/\/vitaminkistl.at\/index.php\/produkt\/mexiko-bio-fair-trade-milder-sortenreiner-100-arabica-kaffee\/","og_site_name":"vitaminkistl.at","article_modified_time":"2021-11-03T11:29:53+00:00","og_image":[{"width":857,"height":1200,"url":"https:\/\/vitaminkistl.at\/wp-content\/uploads\/2020\/11\/Mexiko.png","type":"image\/png"}],"twitter_card":"summary_large_image","schema":{"@context":"https:\/\/schema.org","@graph":[{"@type":"WebPage","@id":"https:\/\/vitaminkistl.at\/index.php\/produkt\/mexiko-bio-fair-trade-milder-sortenreiner-100-arabica-kaffee\/","url":"https:\/\/vitaminkistl.at\/index.php\/produkt\/mexiko-bio-fair-trade-milder-sortenreiner-100-arabica-kaffee\/","name":"Vitaminkistl - vitaminkistl.at - regional saisonal mit Liebe","isPartOf":{"@id":"https:\/\/vitaminkistl.at\/#website"},"primaryImageOfPage":{"@id":"https:\/\/vitaminkistl.at\/index.php\/produkt\/mexiko-bio-fair-trade-milder-sortenreiner-100-arabica-kaffee\/#primaryimage"},"image":{"@id":"https:\/\/vitaminkistl.at\/index.php\/produkt\/mexiko-bio-fair-trade-milder-sortenreiner-100-arabica-kaffee\/#primaryimage"},"thumbnailUrl":"https:\/\/vitaminkistl.at\/wp-content\/uploads\/2020\/11\/Mexiko.png","datePublished":"2020-10-30T19:44:40+00:00","dateModified":"2021-11-03T11:29:53+00:00","description":"Wir vom Vitaminkistl haben es uns zur Aufgabe gemacht, euch mit regionalen K\u00f6stlichkeiten zu verw\u00f6hnen.","breadcrumb":{"@id":"https:\/\/vitaminkistl.at\/index.php\/produkt\/mexiko-bio-fair-trade-milder-sortenreiner-100-arabica-kaffee\/#breadcrumb"},"inLanguage":"de","potentialAction":[{"@type":"ReadAction","target":["https:\/\/vitaminkistl.at\/index.php\/produkt\/mexiko-bio-fair-trade-milder-sortenreiner-100-arabica-kaffee\/"]}]},{"@type":"ImageObject","inLanguage":"de","@id":"https:\/\/vitaminkistl.at\/index.php\/produkt\/mexiko-bio-fair-trade-milder-sortenreiner-100-arabica-kaffee\/#primaryimage","url":"https:\/\/vitaminkistl.at\/wp-content\/uploads\/2020\/11\/Mexiko.png","contentUrl":"https:\/\/vitaminkistl.at\/wp-content\/uploads\/2020\/11\/Mexiko.png","width":857,"height":1200,"caption":"Mexiko"},{"@type":"BreadcrumbList","@id":"https:\/\/vitaminkistl.at\/index.php\/produkt\/mexiko-bio-fair-trade-milder-sortenreiner-100-arabica-kaffee\/#breadcrumb","itemListElement":[{"@type":"ListItem","position":1,"name":"Home","item":"https:\/\/vitaminkistl.at\/index.php\/vitaminkistl\/"},{"@type":"ListItem","position":2,"name":"Shop","item":"https:\/\/vitaminkistl.at\/index.php\/shop\/"},{"@type":"ListItem","position":3,"name":"Mexiko BIO\/Fair Trade"}]},{"@type":"WebSite","@id":"https:\/\/vitaminkistl.at\/#website","url":"https:\/\/vitaminkistl.at\/","name":"vitaminkistl.at","description":"Das regionale Obst bzw. Gem\u00fcsekistl","publisher":{"@id":"https:\/\/vitaminkistl.at\/#organization"},"potentialAction":[{"@type":"SearchAction","target":{"@type":"EntryPoint","urlTemplate":"https:\/\/vitaminkistl.at\/?s={search_term_string}"},"query-input":{"@type":"PropertyValueSpecification","valueRequired":true,"valueName":"search_term_string"}}],"inLanguage":"de"},{"@type":"Organization","@id":"https:\/\/vitaminkistl.at\/#organization","name":"Vitaminkistl","url":"https:\/\/vitaminkistl.at\/","logo":{"@type":"ImageObject","inLanguage":"de","@id":"https:\/\/vitaminkistl.at\/#\/schema\/logo\/image\/","url":"https:\/\/vitaminkistl.at\/wp-content\/uploads\/2020\/03\/Logo_Vitaminkistl_v1.png","contentUrl":"https:\/\/vitaminkistl.at\/wp-content\/uploads\/2020\/03\/Logo_Vitaminkistl_v1.png","width":1036,"height":291,"caption":"Vitaminkistl"},"image":{"@id":"https:\/\/vitaminkistl.at\/#\/schema\/logo\/image\/"}}]}},"tiered_pricing_type":"fixed","tiered_pricing_fixed_rules":[],"tiered_pricing_product_settings":{"layout":"default","base_unit_name":{"singular":null,"plural":null},"default_variation":null},"tiered_pricing_minimum_quantity":null,"tiered_pricing_roles_data":[],"tiered_pricing_percentage_rules":[],"_links":{"self":[{"href":"https:\/\/vitaminkistl.at\/index.php\/wp-json\/wp\/v2\/product\/3948","targetHints":{"allow":["GET"]}}],"collection":[{"href":"https:\/\/vitaminkistl.at\/index.php\/wp-json\/wp\/v2\/product"}],"about":[{"href":"https:\/\/vitaminkistl.at\/index.php\/wp-json\/wp\/v2\/types\/product"}],"wp:featuredmedia":[{"embeddable":true,"href":"https:\/\/vitaminkistl.at\/index.php\/wp-json\/wp\/v2\/media\/4406"}],"wp:attachment":[{"href":"https:\/\/vitaminkistl.at\/index.php\/wp-json\/wp\/v2\/media?parent=3948"}],"wp:term":[{"taxonomy":"product_brand","embeddable":true,"href":"https:\/\/vitaminkistl.at\/index.php\/wp-json\/wp\/v2\/product_brand?post=3948"},{"taxonomy":"product_cat","embeddable":true,"href":"https:\/\/vitaminkistl.at\/index.php\/wp-json\/wp\/v2\/product_cat?post=3948"},{"taxonomy":"product_tag","embeddable":true,"href":"https:\/\/vitaminkistl.at\/index.php\/wp-json\/wp\/v2\/product_tag?post=3948"}],"curies":[{"name":"wp","href":"https:\/\/api.w.org\/{rel}","templated":true}]}}