{"id":3947,"date":"2020-10-30T20:44:39","date_gmt":"2020-10-30T19:44:39","guid":{"rendered":"https:\/\/vitaminkistl.at\/index.php\/produkt\/alt-wiener-gold-klassische-mittelkrftige-mischung-aus-100-arabica\/"},"modified":"2021-11-03T12:29:15","modified_gmt":"2021-11-03T11:29:15","slug":"alt-wiener-gold-klassische-mittelkrftige-mischung-aus-100-arabica","status":"publish","type":"product","link":"https:\/\/vitaminkistl.at\/index.php\/produkt\/alt-wiener-gold-klassische-mittelkrftige-mischung-aus-100-arabica\/","title":{"rendered":"Alt Wiener Gold"},"content":{"rendered":"<p>Produktuntertitel: Kaffeemischung<br \/>\nRegion: Blend of Arabica Varietals from Colombia, Nicaragua and El Salvador<br \/>\nZusammensetzung: Arabica Mischung<br \/>\nSt\u00e4rke: Mittel<br \/>\nVariet\u00e4t: Gemischte Arabica Variet\u00e4ten gewaschen<br \/>\nSensorik: Nase: gebrannte Mandeln, Milchschokolade, Karamell. Gaumen: Schwarztee, Milch, Cassis. Abgang: Milchschokolade<br \/>\nErntejahr: 2019<\/p>\n","protected":false},"excerpt":{"rendered":"<p>Klassische mittelkr\u00e4ftige Mischung aus 100% Arabica<\/p>\n<p>Unser Alt Wiener Gold vereint klassische Kaffeefreude und Wiener Gem\u00fctlichkeit.<\/p>\n<p>Diese Kaffeemischung r\u00f6sten wir seit der Gr\u00fcndung unseres Betriebes im Jahr 2000. Wir sehen sie als die Verk\u00f6rperung des \u201cWiener Kaffees\u201d, wie man ihn fr\u00fcher getrunken hat &#8211; eine runde, volle, bek\u00f6mmliche Mischung mit leichtem Fruchtspitz.<\/p>\n<p>Diese Mischung setzt sich aus einigen Arabica-Untersorten zusammen, die aus Kolumbien, Nikaragua und El Salvador stammen. Wie bei allen unseren Mischungen ist auch hier die genaue Zusammensetzung des Kaffees ein wohl geh\u00fctetes Geheimnis. Abgek\u00fcrzt hat diese Mischung hat diese Mischung mit AWG dieselben Initialen wie unser geheimes Firmenmotto: Alles wird gut.<\/p>\n<p>Er eignet sich sehr gut f\u00fcr Zubereitungen von Milchgetr\u00e4nken wie Melange, Cappuccino oder Caf\u00e9 Latte, wirkt angenehm mild und feingliedrig als Espresso und schmeckt entspannend rund und klassisch als Filterkaffee.<\/p>\n","protected":false},"featured_media":4404,"template":"","meta":[],"product_brand":[],"product_cat":[57,63,62],"product_tag":[],"class_list":{"0":"post-3947","1":"product","2":"type-product","3":"status-publish","4":"has-post-thumbnail","6":"product_cat-getraenke","7":"product_cat-kaffee","8":"product_cat-office-produkte","10":"first","11":"instock","12":"taxable","13":"shipping-taxable","14":"purchasable","15":"product-type-simple"},"yoast_head":"<!-- This site is optimized with the Yoast SEO plugin v27.5 - https:\/\/yoast.com\/product\/yoast-seo-wordpress\/ -->\n<title>Vitaminkistl - vitaminkistl.at - regional saisonal mit Liebe<\/title>\n<meta name=\"description\" content=\"Wir vom Vitaminkistl haben es uns zur Aufgabe gemacht, euch mit regionalen K\u00f6stlichkeiten zu verw\u00f6hnen.\" \/>\n<meta name=\"robots\" content=\"index, follow, max-snippet:-1, max-image-preview:large, max-video-preview:-1\" \/>\n<link rel=\"canonical\" href=\"https:\/\/vitaminkistl.at\/index.php\/produkt\/alt-wiener-gold-klassische-mittelkrftige-mischung-aus-100-arabica\/\" \/>\n<meta property=\"og:locale\" content=\"de_DE\" \/>\n<meta property=\"og:type\" content=\"article\" \/>\n<meta property=\"og:title\" content=\"Vitaminkistl - vitaminkistl.at - regional saisonal mit Liebe\" \/>\n<meta property=\"og:description\" content=\"Wir vom Vitaminkistl haben es uns zur Aufgabe gemacht, euch mit regionalen K\u00f6stlichkeiten zu verw\u00f6hnen.\" \/>\n<meta property=\"og:url\" content=\"https:\/\/vitaminkistl.at\/index.php\/produkt\/alt-wiener-gold-klassische-mittelkrftige-mischung-aus-100-arabica\/\" \/>\n<meta property=\"og:site_name\" content=\"vitaminkistl.at\" \/>\n<meta property=\"article:modified_time\" content=\"2021-11-03T11:29:15+00:00\" \/>\n<meta property=\"og:image\" content=\"https:\/\/vitaminkistl.at\/wp-content\/uploads\/2020\/11\/AltWienerGold.png\" \/>\n\t<meta property=\"og:image:width\" content=\"857\" \/>\n\t<meta property=\"og:image:height\" content=\"1200\" \/>\n\t<meta property=\"og:image:type\" content=\"image\/png\" \/>\n<meta name=\"twitter:card\" content=\"summary_large_image\" \/>\n<script type=\"application\/ld+json\" class=\"yoast-schema-graph\">{\"@context\":\"https:\\\/\\\/schema.org\",\"@graph\":[{\"@type\":\"WebPage\",\"@id\":\"https:\\\/\\\/vitaminkistl.at\\\/index.php\\\/produkt\\\/alt-wiener-gold-klassische-mittelkrftige-mischung-aus-100-arabica\\\/\",\"url\":\"https:\\\/\\\/vitaminkistl.at\\\/index.php\\\/produkt\\\/alt-wiener-gold-klassische-mittelkrftige-mischung-aus-100-arabica\\\/\",\"name\":\"Vitaminkistl - vitaminkistl.at - regional saisonal mit Liebe\",\"isPartOf\":{\"@id\":\"https:\\\/\\\/vitaminkistl.at\\\/#website\"},\"primaryImageOfPage\":{\"@id\":\"https:\\\/\\\/vitaminkistl.at\\\/index.php\\\/produkt\\\/alt-wiener-gold-klassische-mittelkrftige-mischung-aus-100-arabica\\\/#primaryimage\"},\"image\":{\"@id\":\"https:\\\/\\\/vitaminkistl.at\\\/index.php\\\/produkt\\\/alt-wiener-gold-klassische-mittelkrftige-mischung-aus-100-arabica\\\/#primaryimage\"},\"thumbnailUrl\":\"https:\\\/\\\/vitaminkistl.at\\\/wp-content\\\/uploads\\\/2020\\\/11\\\/AltWienerGold.png\",\"datePublished\":\"2020-10-30T19:44:39+00:00\",\"dateModified\":\"2021-11-03T11:29:15+00:00\",\"description\":\"Wir vom Vitaminkistl haben es uns zur Aufgabe gemacht, euch mit regionalen K\u00f6stlichkeiten zu verw\u00f6hnen.\",\"breadcrumb\":{\"@id\":\"https:\\\/\\\/vitaminkistl.at\\\/index.php\\\/produkt\\\/alt-wiener-gold-klassische-mittelkrftige-mischung-aus-100-arabica\\\/#breadcrumb\"},\"inLanguage\":\"de\",\"potentialAction\":[{\"@type\":\"ReadAction\",\"target\":[\"https:\\\/\\\/vitaminkistl.at\\\/index.php\\\/produkt\\\/alt-wiener-gold-klassische-mittelkrftige-mischung-aus-100-arabica\\\/\"]}]},{\"@type\":\"ImageObject\",\"inLanguage\":\"de\",\"@id\":\"https:\\\/\\\/vitaminkistl.at\\\/index.php\\\/produkt\\\/alt-wiener-gold-klassische-mittelkrftige-mischung-aus-100-arabica\\\/#primaryimage\",\"url\":\"https:\\\/\\\/vitaminkistl.at\\\/wp-content\\\/uploads\\\/2020\\\/11\\\/AltWienerGold.png\",\"contentUrl\":\"https:\\\/\\\/vitaminkistl.at\\\/wp-content\\\/uploads\\\/2020\\\/11\\\/AltWienerGold.png\",\"width\":857,\"height\":1200,\"caption\":\"Alt Wiener Gold\"},{\"@type\":\"BreadcrumbList\",\"@id\":\"https:\\\/\\\/vitaminkistl.at\\\/index.php\\\/produkt\\\/alt-wiener-gold-klassische-mittelkrftige-mischung-aus-100-arabica\\\/#breadcrumb\",\"itemListElement\":[{\"@type\":\"ListItem\",\"position\":1,\"name\":\"Home\",\"item\":\"https:\\\/\\\/vitaminkistl.at\\\/index.php\\\/vitaminkistl\\\/\"},{\"@type\":\"ListItem\",\"position\":2,\"name\":\"Shop\",\"item\":\"https:\\\/\\\/vitaminkistl.at\\\/index.php\\\/shop\\\/\"},{\"@type\":\"ListItem\",\"position\":3,\"name\":\"Alt Wiener Gold\"}]},{\"@type\":\"WebSite\",\"@id\":\"https:\\\/\\\/vitaminkistl.at\\\/#website\",\"url\":\"https:\\\/\\\/vitaminkistl.at\\\/\",\"name\":\"vitaminkistl.at\",\"description\":\"Das regionale Obst bzw. Gem\u00fcsekistl\",\"publisher\":{\"@id\":\"https:\\\/\\\/vitaminkistl.at\\\/#organization\"},\"potentialAction\":[{\"@type\":\"SearchAction\",\"target\":{\"@type\":\"EntryPoint\",\"urlTemplate\":\"https:\\\/\\\/vitaminkistl.at\\\/?s={search_term_string}\"},\"query-input\":{\"@type\":\"PropertyValueSpecification\",\"valueRequired\":true,\"valueName\":\"search_term_string\"}}],\"inLanguage\":\"de\"},{\"@type\":\"Organization\",\"@id\":\"https:\\\/\\\/vitaminkistl.at\\\/#organization\",\"name\":\"Vitaminkistl\",\"url\":\"https:\\\/\\\/vitaminkistl.at\\\/\",\"logo\":{\"@type\":\"ImageObject\",\"inLanguage\":\"de\",\"@id\":\"https:\\\/\\\/vitaminkistl.at\\\/#\\\/schema\\\/logo\\\/image\\\/\",\"url\":\"https:\\\/\\\/vitaminkistl.at\\\/wp-content\\\/uploads\\\/2020\\\/03\\\/Logo_Vitaminkistl_v1.png\",\"contentUrl\":\"https:\\\/\\\/vitaminkistl.at\\\/wp-content\\\/uploads\\\/2020\\\/03\\\/Logo_Vitaminkistl_v1.png\",\"width\":1036,\"height\":291,\"caption\":\"Vitaminkistl\"},\"image\":{\"@id\":\"https:\\\/\\\/vitaminkistl.at\\\/#\\\/schema\\\/logo\\\/image\\\/\"}}]}<\/script>\n<!-- \/ Yoast SEO plugin. -->","yoast_head_json":{"title":"Vitaminkistl - vitaminkistl.at - regional saisonal mit Liebe","description":"Wir vom Vitaminkistl haben es uns zur Aufgabe gemacht, euch mit regionalen K\u00f6stlichkeiten zu verw\u00f6hnen.","robots":{"index":"index","follow":"follow","max-snippet":"max-snippet:-1","max-image-preview":"max-image-preview:large","max-video-preview":"max-video-preview:-1"},"canonical":"https:\/\/vitaminkistl.at\/index.php\/produkt\/alt-wiener-gold-klassische-mittelkrftige-mischung-aus-100-arabica\/","og_locale":"de_DE","og_type":"article","og_title":"Vitaminkistl - vitaminkistl.at - regional saisonal mit Liebe","og_description":"Wir vom Vitaminkistl haben es uns zur Aufgabe gemacht, euch mit regionalen K\u00f6stlichkeiten zu verw\u00f6hnen.","og_url":"https:\/\/vitaminkistl.at\/index.php\/produkt\/alt-wiener-gold-klassische-mittelkrftige-mischung-aus-100-arabica\/","og_site_name":"vitaminkistl.at","article_modified_time":"2021-11-03T11:29:15+00:00","og_image":[{"width":857,"height":1200,"url":"https:\/\/vitaminkistl.at\/wp-content\/uploads\/2020\/11\/AltWienerGold.png","type":"image\/png"}],"twitter_card":"summary_large_image","schema":{"@context":"https:\/\/schema.org","@graph":[{"@type":"WebPage","@id":"https:\/\/vitaminkistl.at\/index.php\/produkt\/alt-wiener-gold-klassische-mittelkrftige-mischung-aus-100-arabica\/","url":"https:\/\/vitaminkistl.at\/index.php\/produkt\/alt-wiener-gold-klassische-mittelkrftige-mischung-aus-100-arabica\/","name":"Vitaminkistl - vitaminkistl.at - regional saisonal mit Liebe","isPartOf":{"@id":"https:\/\/vitaminkistl.at\/#website"},"primaryImageOfPage":{"@id":"https:\/\/vitaminkistl.at\/index.php\/produkt\/alt-wiener-gold-klassische-mittelkrftige-mischung-aus-100-arabica\/#primaryimage"},"image":{"@id":"https:\/\/vitaminkistl.at\/index.php\/produkt\/alt-wiener-gold-klassische-mittelkrftige-mischung-aus-100-arabica\/#primaryimage"},"thumbnailUrl":"https:\/\/vitaminkistl.at\/wp-content\/uploads\/2020\/11\/AltWienerGold.png","datePublished":"2020-10-30T19:44:39+00:00","dateModified":"2021-11-03T11:29:15+00:00","description":"Wir vom Vitaminkistl haben es uns zur Aufgabe gemacht, euch mit regionalen K\u00f6stlichkeiten zu verw\u00f6hnen.","breadcrumb":{"@id":"https:\/\/vitaminkistl.at\/index.php\/produkt\/alt-wiener-gold-klassische-mittelkrftige-mischung-aus-100-arabica\/#breadcrumb"},"inLanguage":"de","potentialAction":[{"@type":"ReadAction","target":["https:\/\/vitaminkistl.at\/index.php\/produkt\/alt-wiener-gold-klassische-mittelkrftige-mischung-aus-100-arabica\/"]}]},{"@type":"ImageObject","inLanguage":"de","@id":"https:\/\/vitaminkistl.at\/index.php\/produkt\/alt-wiener-gold-klassische-mittelkrftige-mischung-aus-100-arabica\/#primaryimage","url":"https:\/\/vitaminkistl.at\/wp-content\/uploads\/2020\/11\/AltWienerGold.png","contentUrl":"https:\/\/vitaminkistl.at\/wp-content\/uploads\/2020\/11\/AltWienerGold.png","width":857,"height":1200,"caption":"Alt Wiener Gold"},{"@type":"BreadcrumbList","@id":"https:\/\/vitaminkistl.at\/index.php\/produkt\/alt-wiener-gold-klassische-mittelkrftige-mischung-aus-100-arabica\/#breadcrumb","itemListElement":[{"@type":"ListItem","position":1,"name":"Home","item":"https:\/\/vitaminkistl.at\/index.php\/vitaminkistl\/"},{"@type":"ListItem","position":2,"name":"Shop","item":"https:\/\/vitaminkistl.at\/index.php\/shop\/"},{"@type":"ListItem","position":3,"name":"Alt Wiener Gold"}]},{"@type":"WebSite","@id":"https:\/\/vitaminkistl.at\/#website","url":"https:\/\/vitaminkistl.at\/","name":"vitaminkistl.at","description":"Das regionale Obst bzw. Gem\u00fcsekistl","publisher":{"@id":"https:\/\/vitaminkistl.at\/#organization"},"potentialAction":[{"@type":"SearchAction","target":{"@type":"EntryPoint","urlTemplate":"https:\/\/vitaminkistl.at\/?s={search_term_string}"},"query-input":{"@type":"PropertyValueSpecification","valueRequired":true,"valueName":"search_term_string"}}],"inLanguage":"de"},{"@type":"Organization","@id":"https:\/\/vitaminkistl.at\/#organization","name":"Vitaminkistl","url":"https:\/\/vitaminkistl.at\/","logo":{"@type":"ImageObject","inLanguage":"de","@id":"https:\/\/vitaminkistl.at\/#\/schema\/logo\/image\/","url":"https:\/\/vitaminkistl.at\/wp-content\/uploads\/2020\/03\/Logo_Vitaminkistl_v1.png","contentUrl":"https:\/\/vitaminkistl.at\/wp-content\/uploads\/2020\/03\/Logo_Vitaminkistl_v1.png","width":1036,"height":291,"caption":"Vitaminkistl"},"image":{"@id":"https:\/\/vitaminkistl.at\/#\/schema\/logo\/image\/"}}]}},"tiered_pricing_type":"fixed","tiered_pricing_fixed_rules":[],"tiered_pricing_product_settings":{"layout":"default","base_unit_name":{"singular":null,"plural":null},"default_variation":null},"tiered_pricing_minimum_quantity":null,"tiered_pricing_roles_data":[],"tiered_pricing_percentage_rules":[],"_links":{"self":[{"href":"https:\/\/vitaminkistl.at\/index.php\/wp-json\/wp\/v2\/product\/3947","targetHints":{"allow":["GET"]}}],"collection":[{"href":"https:\/\/vitaminkistl.at\/index.php\/wp-json\/wp\/v2\/product"}],"about":[{"href":"https:\/\/vitaminkistl.at\/index.php\/wp-json\/wp\/v2\/types\/product"}],"wp:featuredmedia":[{"embeddable":true,"href":"https:\/\/vitaminkistl.at\/index.php\/wp-json\/wp\/v2\/media\/4404"}],"wp:attachment":[{"href":"https:\/\/vitaminkistl.at\/index.php\/wp-json\/wp\/v2\/media?parent=3947"}],"wp:term":[{"taxonomy":"product_brand","embeddable":true,"href":"https:\/\/vitaminkistl.at\/index.php\/wp-json\/wp\/v2\/product_brand?post=3947"},{"taxonomy":"product_cat","embeddable":true,"href":"https:\/\/vitaminkistl.at\/index.php\/wp-json\/wp\/v2\/product_cat?post=3947"},{"taxonomy":"product_tag","embeddable":true,"href":"https:\/\/vitaminkistl.at\/index.php\/wp-json\/wp\/v2\/product_tag?post=3947"}],"curies":[{"name":"wp","href":"https:\/\/api.w.org\/{rel}","templated":true}]}}