{"id":4616,"date":"2020-11-14T22:13:54","date_gmt":"2020-11-14T21:13:54","guid":{"rendered":"https:\/\/vitaminkistl.at\/?page_id=4616"},"modified":"2022-02-09T10:18:22","modified_gmt":"2022-02-09T09:18:22","slug":"faq","status":"publish","type":"page","link":"https:\/\/vitaminkistl.at\/index.php\/faq\/","title":{"rendered":"FAQ"},"content":{"rendered":"\n<style type=\"text\/css\" data-created_by=\"avia_inline_auto\" id=\"style-css-av-6g280o-e3f92800afc16c4b7356085b112b15ac\">\n.flex_column.av-6g280o-e3f92800afc16c4b7356085b112b15ac{\nborder-radius:0px 0px 0px 0px;\npadding:0px 0px 0px 0px;\n}\n<\/style>\n<div  class='flex_column av-6g280o-e3f92800afc16c4b7356085b112b15ac av_one_fifth  avia-builder-el-0  el_before_av_three_fifth  avia-builder-el-first  first flex_column_div av-zero-column-padding  '     ><\/div>\n\n<style type=\"text\/css\" data-created_by=\"avia_inline_auto\" id=\"style-css-av-3sand4-2a583a3299c51ac567dcc6c2f6d57425\">\n.flex_column.av-3sand4-2a583a3299c51ac567dcc6c2f6d57425{\nborder-radius:0px 0px 0px 0px;\npadding:0px 0px 0px 0px;\n}\n<\/style>\n<div  class='flex_column av-3sand4-2a583a3299c51ac567dcc6c2f6d57425 av_three_fifth  avia-builder-el-1  el_after_av_one_fifth  el_before_av_one_fifth  flex_column_div av-zero-column-padding  '     ><section  class='av_textblock_section av-khi6mn2a-c459941ff249943085b99dd4460f5b59 '   itemscope=\"itemscope\" itemtype=\"https:\/\/schema.org\/CreativeWork\" ><div class='avia_textblock'  itemprop=\"text\" ><h1>FAQ \/ H\u00e4ufig gestellte Fragen<\/h1>\n<\/div><\/section><br \/>\n<section  class='av_textblock_section av-khi6teaa-64a78ce03a78d7d1d1f22872ed4253de '   itemscope=\"itemscope\" itemtype=\"https:\/\/schema.org\/CreativeWork\" ><div class='avia_textblock'  itemprop=\"text\" ><h3>Was ist der Inhalt vom Vitaminkistl?<\/h3>\n<p>In unseren Vitaminkistln ist eine Auswahl an m\u00f6glichst regionalem und saisonalem Obst &amp; Gem\u00fcse je nach Verf\u00fcgbarkeit aus \u00d6sterreich enthalten. Nachfolgend ein kleiner Auszug:<br \/>\nObst: \u00c4pfel, Orangen, Mandarinen, Kiwi, Birnen, Trauben, Bananen, Zwetschken<br \/>\nGem\u00fcse: Karotten, Zeller, Pastinaken, Petersilie, Schnittlauch, Porree, Jungzwiebel, Salatgurke, Radieschen, Tomaten, Erd\u00e4pfel, Zwiebel, Knoblauch, Kohlrabi, Zucchini, Karfiol, Kohl, Brokkoli<\/p>\n<p>Leider ist es aktuell nicht m\u00f6glich auf einzelne W\u00fcnsche einzugehen. Wir tun unser bestes, damit wir das in Zukunft m\u00f6glich machen!<\/p>\n<h3>Ich hab mein Vitaminkistl bestellt, wann kommt es an?<\/h3>\n<p><strong>Bestellung konventionelles Vitaminkistl mit oder ohne Fleisch bzw. Zusatzprodukten<\/strong><br \/>\nWenn du heute bis 10.30 Uhr bestellst hast, bekommst du dein Vitaminkistl am \u00fcbern\u00e4chsten Werktag, sonst einen Werktag sp\u00e4ter.<\/p>\n<p>Bei Fragen schreibt uns einfach an <a href=\"mailto:bestellung@fms.co.at\">bestellung@fms.co.at<\/a>.<\/p>\n<h3>Wo \/ Wie liefert ihr?<\/h3>\n<p>Wir haben \u00fcber 30 tolle Fahrer die euch in Wien und Nieder\u00f6sterreich das Vitaminkistl mit K\u00fchlautos bringen! Das Liefergebiet umfasst Wien und den Bezirk M\u00f6dling sowie einen Gro\u00dfteil vom Bezirk Baden.<\/p>\n<p>Dabei stellen wir das Vitaminkistl einfach vor deiner T\u00fcre ab und l\u00e4uten an \u2013 ganz ohne H\u00e4ndesch\u00fctteln, daf\u00fcr mit einem freundlichen L\u00e4cheln!<\/p>\n<h3>Kann ich das Abo k\u00fcndigen bzw. auf ein anderes Vitaminkistl \u00e4ndern?<\/h3>\n<p>Du kannst dein Abo jederzeit k\u00fcndigen oder pausieren!<\/p>\n<p>Genauso kannst du es auch jederzeit auf ein anderes \u00e4ndern. Schick uns dazu bitte einfach eine eMail an bestellung@fms.co.at.<\/p>\n<h3>Habt ihr auch Bio- Ware?<\/h3>\n<p>Aktuell leider nicht, wir arbeiten aber schon ganz intensiv daran!<\/p>\n<h3>Wie zahle ich?<\/h3>\n<p>Die Rechnung bekommt ihr bequem per eMail zugesandt und ihr \u00fcberweist dann einfach. Die Rechnung wird 2x pro Monat verschickt!<br \/>\nDa es leider immer wieder zu Betrugsversuchen kommt behalten wir uns bei gr\u00f6\u00dferen Erstbestellungen das Recht auf Vorauskassa vor! Dazu kontaktieren wir dich direkt nach deiner Bestellung und besprechen das mit dir.<\/p>\n<\/div><\/section><\/p><\/div>\n<style type=\"text\/css\" data-created_by=\"avia_inline_auto\" id=\"style-css-av-8eb6w-56cd8ab529ad0d4b91599c1ad75bc03b\">\n.flex_column.av-8eb6w-56cd8ab529ad0d4b91599c1ad75bc03b{\nborder-radius:0px 0px 0px 0px;\npadding:0px 0px 0px 0px;\n}\n<\/style>\n<div  class='flex_column av-8eb6w-56cd8ab529ad0d4b91599c1ad75bc03b av_one_fifth  avia-builder-el-4  el_after_av_three_fifth  avia-builder-el-last  flex_column_div av-zero-column-padding  '     ><\/div><\/p>\n","protected":false},"excerpt":{"rendered":"","protected":false},"author":1,"featured_media":0,"parent":0,"menu_order":0,"comment_status":"closed","ping_status":"closed","template":"","meta":{"footnotes":""},"class_list":["post-4616","page","type-page","status-publish","hentry"],"yoast_head":"<!-- This site is optimized with the Yoast SEO plugin v27.6 - https:\/\/yoast.com\/product\/yoast-seo-wordpress\/ -->\n<title>Vitaminkistl - vitaminkistl.at - regional saisonal mit Liebe<\/title>\n<meta name=\"description\" content=\"Wir vom Vitaminkistl haben es uns zur Aufgabe gemacht, euch mit regionalen K\u00f6stlichkeiten zu verw\u00f6hnen.\" \/>\n<meta name=\"robots\" content=\"index, follow, max-snippet:-1, max-image-preview:large, max-video-preview:-1\" \/>\n<link rel=\"canonical\" href=\"https:\/\/vitaminkistl.at\/index.php\/faq\/\" \/>\n<meta property=\"og:locale\" content=\"de_DE\" \/>\n<meta property=\"og:type\" content=\"article\" \/>\n<meta property=\"og:title\" content=\"Vitaminkistl - vitaminkistl.at - regional saisonal mit Liebe\" \/>\n<meta property=\"og:description\" content=\"Wir vom Vitaminkistl haben es uns zur Aufgabe gemacht, euch mit regionalen K\u00f6stlichkeiten zu verw\u00f6hnen.\" \/>\n<meta property=\"og:url\" content=\"https:\/\/vitaminkistl.at\/index.php\/faq\/\" \/>\n<meta property=\"og:site_name\" content=\"vitaminkistl.at\" \/>\n<meta property=\"article:modified_time\" content=\"2022-02-09T09:18:22+00:00\" \/>\n<meta name=\"twitter:card\" content=\"summary_large_image\" \/>\n<meta name=\"twitter:label1\" content=\"Gesch\u00e4tzte Lesezeit\" \/>\n\t<meta name=\"twitter:data1\" content=\"4\u00a0Minuten\" \/>\n<script type=\"application\/ld+json\" class=\"yoast-schema-graph\">{\"@context\":\"https:\\\/\\\/schema.org\",\"@graph\":[{\"@type\":\"WebPage\",\"@id\":\"https:\\\/\\\/vitaminkistl.at\\\/index.php\\\/faq\\\/\",\"url\":\"https:\\\/\\\/vitaminkistl.at\\\/index.php\\\/faq\\\/\",\"name\":\"Vitaminkistl - vitaminkistl.at - regional saisonal mit Liebe\",\"isPartOf\":{\"@id\":\"https:\\\/\\\/vitaminkistl.at\\\/#website\"},\"datePublished\":\"2020-11-14T21:13:54+00:00\",\"dateModified\":\"2022-02-09T09:18:22+00:00\",\"description\":\"Wir vom Vitaminkistl haben es uns zur Aufgabe gemacht, euch mit regionalen K\u00f6stlichkeiten zu verw\u00f6hnen.\",\"breadcrumb\":{\"@id\":\"https:\\\/\\\/vitaminkistl.at\\\/index.php\\\/faq\\\/#breadcrumb\"},\"inLanguage\":\"de\",\"potentialAction\":[{\"@type\":\"ReadAction\",\"target\":[\"https:\\\/\\\/vitaminkistl.at\\\/index.php\\\/faq\\\/\"]}]},{\"@type\":\"BreadcrumbList\",\"@id\":\"https:\\\/\\\/vitaminkistl.at\\\/index.php\\\/faq\\\/#breadcrumb\",\"itemListElement\":[{\"@type\":\"ListItem\",\"position\":1,\"name\":\"Home\",\"item\":\"https:\\\/\\\/vitaminkistl.at\\\/index.php\\\/vitaminkistl\\\/\"},{\"@type\":\"ListItem\",\"position\":2,\"name\":\"FAQ\"}]},{\"@type\":\"WebSite\",\"@id\":\"https:\\\/\\\/vitaminkistl.at\\\/#website\",\"url\":\"https:\\\/\\\/vitaminkistl.at\\\/\",\"name\":\"vitaminkistl.at\",\"description\":\"Das regionale Obst bzw. Gem\u00fcsekistl\",\"publisher\":{\"@id\":\"https:\\\/\\\/vitaminkistl.at\\\/#organization\"},\"potentialAction\":[{\"@type\":\"SearchAction\",\"target\":{\"@type\":\"EntryPoint\",\"urlTemplate\":\"https:\\\/\\\/vitaminkistl.at\\\/?s={search_term_string}\"},\"query-input\":{\"@type\":\"PropertyValueSpecification\",\"valueRequired\":true,\"valueName\":\"search_term_string\"}}],\"inLanguage\":\"de\"},{\"@type\":\"Organization\",\"@id\":\"https:\\\/\\\/vitaminkistl.at\\\/#organization\",\"name\":\"Vitaminkistl\",\"url\":\"https:\\\/\\\/vitaminkistl.at\\\/\",\"logo\":{\"@type\":\"ImageObject\",\"inLanguage\":\"de\",\"@id\":\"https:\\\/\\\/vitaminkistl.at\\\/#\\\/schema\\\/logo\\\/image\\\/\",\"url\":\"https:\\\/\\\/vitaminkistl.at\\\/wp-content\\\/uploads\\\/2020\\\/03\\\/Logo_Vitaminkistl_v1.png\",\"contentUrl\":\"https:\\\/\\\/vitaminkistl.at\\\/wp-content\\\/uploads\\\/2020\\\/03\\\/Logo_Vitaminkistl_v1.png\",\"width\":1036,\"height\":291,\"caption\":\"Vitaminkistl\"},\"image\":{\"@id\":\"https:\\\/\\\/vitaminkistl.at\\\/#\\\/schema\\\/logo\\\/image\\\/\"}}]}<\/script>\n<!-- \/ Yoast SEO plugin. -->","yoast_head_json":{"title":"Vitaminkistl - vitaminkistl.at - regional saisonal mit Liebe","description":"Wir vom Vitaminkistl haben es uns zur Aufgabe gemacht, euch mit regionalen K\u00f6stlichkeiten zu verw\u00f6hnen.","robots":{"index":"index","follow":"follow","max-snippet":"max-snippet:-1","max-image-preview":"max-image-preview:large","max-video-preview":"max-video-preview:-1"},"canonical":"https:\/\/vitaminkistl.at\/index.php\/faq\/","og_locale":"de_DE","og_type":"article","og_title":"Vitaminkistl - vitaminkistl.at - regional saisonal mit Liebe","og_description":"Wir vom Vitaminkistl haben es uns zur Aufgabe gemacht, euch mit regionalen K\u00f6stlichkeiten zu verw\u00f6hnen.","og_url":"https:\/\/vitaminkistl.at\/index.php\/faq\/","og_site_name":"vitaminkistl.at","article_modified_time":"2022-02-09T09:18:22+00:00","twitter_card":"summary_large_image","twitter_misc":{"Gesch\u00e4tzte Lesezeit":"4\u00a0Minuten"},"schema":{"@context":"https:\/\/schema.org","@graph":[{"@type":"WebPage","@id":"https:\/\/vitaminkistl.at\/index.php\/faq\/","url":"https:\/\/vitaminkistl.at\/index.php\/faq\/","name":"Vitaminkistl - vitaminkistl.at - regional saisonal mit Liebe","isPartOf":{"@id":"https:\/\/vitaminkistl.at\/#website"},"datePublished":"2020-11-14T21:13:54+00:00","dateModified":"2022-02-09T09:18:22+00:00","description":"Wir vom Vitaminkistl haben es uns zur Aufgabe gemacht, euch mit regionalen K\u00f6stlichkeiten zu verw\u00f6hnen.","breadcrumb":{"@id":"https:\/\/vitaminkistl.at\/index.php\/faq\/#breadcrumb"},"inLanguage":"de","potentialAction":[{"@type":"ReadAction","target":["https:\/\/vitaminkistl.at\/index.php\/faq\/"]}]},{"@type":"BreadcrumbList","@id":"https:\/\/vitaminkistl.at\/index.php\/faq\/#breadcrumb","itemListElement":[{"@type":"ListItem","position":1,"name":"Home","item":"https:\/\/vitaminkistl.at\/index.php\/vitaminkistl\/"},{"@type":"ListItem","position":2,"name":"FAQ"}]},{"@type":"WebSite","@id":"https:\/\/vitaminkistl.at\/#website","url":"https:\/\/vitaminkistl.at\/","name":"vitaminkistl.at","description":"Das regionale Obst bzw. Gem\u00fcsekistl","publisher":{"@id":"https:\/\/vitaminkistl.at\/#organization"},"potentialAction":[{"@type":"SearchAction","target":{"@type":"EntryPoint","urlTemplate":"https:\/\/vitaminkistl.at\/?s={search_term_string}"},"query-input":{"@type":"PropertyValueSpecification","valueRequired":true,"valueName":"search_term_string"}}],"inLanguage":"de"},{"@type":"Organization","@id":"https:\/\/vitaminkistl.at\/#organization","name":"Vitaminkistl","url":"https:\/\/vitaminkistl.at\/","logo":{"@type":"ImageObject","inLanguage":"de","@id":"https:\/\/vitaminkistl.at\/#\/schema\/logo\/image\/","url":"https:\/\/vitaminkistl.at\/wp-content\/uploads\/2020\/03\/Logo_Vitaminkistl_v1.png","contentUrl":"https:\/\/vitaminkistl.at\/wp-content\/uploads\/2020\/03\/Logo_Vitaminkistl_v1.png","width":1036,"height":291,"caption":"Vitaminkistl"},"image":{"@id":"https:\/\/vitaminkistl.at\/#\/schema\/logo\/image\/"}}]}},"_links":{"self":[{"href":"https:\/\/vitaminkistl.at\/index.php\/wp-json\/wp\/v2\/pages\/4616","targetHints":{"allow":["GET"]}}],"collection":[{"href":"https:\/\/vitaminkistl.at\/index.php\/wp-json\/wp\/v2\/pages"}],"about":[{"href":"https:\/\/vitaminkistl.at\/index.php\/wp-json\/wp\/v2\/types\/page"}],"author":[{"embeddable":true,"href":"https:\/\/vitaminkistl.at\/index.php\/wp-json\/wp\/v2\/users\/1"}],"replies":[{"embeddable":true,"href":"https:\/\/vitaminkistl.at\/index.php\/wp-json\/wp\/v2\/comments?post=4616"}],"version-history":[{"count":7,"href":"https:\/\/vitaminkistl.at\/index.php\/wp-json\/wp\/v2\/pages\/4616\/revisions"}],"predecessor-version":[{"id":6395,"href":"https:\/\/vitaminkistl.at\/index.php\/wp-json\/wp\/v2\/pages\/4616\/revisions\/6395"}],"wp:attachment":[{"href":"https:\/\/vitaminkistl.at\/index.php\/wp-json\/wp\/v2\/media?parent=4616"}],"curies":[{"name":"wp","href":"https:\/\/api.w.org\/{rel}","templated":true}]}}