{"id":3714,"date":"2020-10-29T18:30:58","date_gmt":"2020-10-29T17:30:58","guid":{"rendered":"https:\/\/vitaminkistl.at\/?page_id=3714"},"modified":"2021-01-17T23:47:16","modified_gmt":"2021-01-17T22:47:16","slug":"agb","status":"publish","type":"page","link":"https:\/\/vitaminkistl.at\/index.php\/agb\/","title":{"rendered":"AGB"},"content":{"rendered":"\n<style type=\"text\/css\" data-created_by=\"avia_inline_auto\" id=\"style-css-av-6y7hu-0c36a979226de3a08983a1c29ae64486\">\n.flex_column.av-6y7hu-0c36a979226de3a08983a1c29ae64486{\nborder-radius:0px 0px 0px 0px;\npadding:0px 0px 0px 0px;\n}\n<\/style>\n<div  class='flex_column av-6y7hu-0c36a979226de3a08983a1c29ae64486 av_one_full  avia-builder-el-0  avia-builder-el-no-sibling  first flex_column_div av-zero-column-padding  '     ><section  class='av_textblock_section av-kgv3t3nm-988e236bb171194eea745776578021c8 '   itemscope=\"itemscope\" itemtype=\"https:\/\/schema.org\/CreativeWork\" ><div class='avia_textblock'  itemprop=\"text\" ><h1>AGB<\/h1>\n<p><strong>Registrierung<\/strong><br \/>\n(1) Die Nutzung des \u201eVitaminkistl\u201c Shop-Netzwerks setzt eine Registrierung\/ Anmeldung des Nutzers voraus. Eine Registrierung darf nur im eigenen Namen und nur von vollj\u00e4hrigen nat\u00fcrlichen Personen sowie juristischen Personen vorgenommen werden. Diese ist kostenlos und erfolgt durch Ausf\u00fcllen des Online-Registrierungsformulars.<\/p>\n<p>(2) Die im Rahmen der Anmeldung abgefragten Daten sind vollst\u00e4ndig und korrekt anzugeben. Der Nutzer ist f\u00fcr die Vollst\u00e4ndigkeit und Richtigkeit dieser Angaben verantwortlich. M\u00f6chte der Nutzer seine Registrierung beenden und sein Profil l\u00f6schen lassen kann er sich per Mail an handel@fms.co.at wenden.<\/p>\n<p>(3) Bei Anmeldung zum Newsletter wird Ihre E-Mailadresse f\u00fcr eigene Werbezwecke genutzt, bis Sie sich vom Newsletter abmelden. Die Abmeldung ist jederzeit m\u00f6glich.<\/p>\n<p><strong>Datenerhebung, Nutzung der Daten, Speicherdauer, Kundenkonto<\/strong><br \/>\n(1) Bei der Verwendung der Nutzerdaten h\u00e4lt sich \u201eVitaminkistl\u201c an die geltenden Bestimmungen des Datenschutzes. Insbesondere erhebt, speichert und verarbeitet \u201eVitaminkistl\u201c personenbezogenen Daten nur sofern dies f\u00fcr die Erf\u00fcllung des Vertragszweckes erforderlich ist, oder der Nutzer ausdr\u00fccklich seine Einwilligung erkl\u00e4rt hat. Eine Verwendung Ihrer Daten im Rahmen des Vertragszweckes umfasst insbesondere auch die Nutzung der personenbezogenen Daten beim Anbahnen, beim Abschluss, beim Abwickeln und beim R\u00fcckabwickeln des Kaufvertrages mit \u201eVitaminkistl\u201c.<\/p>\n<p>(2) Die personenbezogenen Daten, die der Nutzer bei einer Bestellung oder per E-Mail an \u201eVitaminkistl\u201c mitteilt (z.B. Name, Adresse, E-Mail-Adresse), werden nur zur Korrespondenz mit dem Nutzer und nur f\u00fcr den Zweck verarbeitet, zu dem der Nutzer uns die Daten zur Verf\u00fcgung gestellt hat.<\/p>\n<p>(3) Die Abwicklung der Bezahlung erfolgt direkt \u00fcber die jeweiligen Portale der Kredit- bzw. Bankinstitute \u2013 \u201eVitaminkistl\u201c speichert keine kontobezogenen Daten (Kontodaten wie Kontonummer, Bankleitzahl,\u2026) sondern erh\u00e4lt lediglich eine Best\u00e4tigung des Zahlungseinganges vom jeweiligen Kredit- bzw. Bankinstitut.<\/p>\n<p>(4) \u201eVitaminkistl\u201c versichert, dass die personenbezogenen Daten im \u00dcbrigen nicht an Dritte weitergegeben werden. Es sei denn, dass sie dazu gesetzlich verpflichtet w\u00e4re oder der Nutzer der \u201eVitaminkistl\u201c vorher seine Zustimmung gegeben hat.<\/p>\n<p>(5) Personenbezogene Daten, die \u201eVitaminkistl\u201c \u00fcber deren Shopnetzwerk mitgeteilt worden sind, werden nur so lange gespeichert, bis der Zweck erf\u00fcllt ist, zu dem sie \u201eVitaminkistl\u201c anvertraut wurden. Soweit handels- und steuerrechtliche Aufbewahrungsfristen zu beachten sind, kann die Speicherdauer zu bestimmten Daten bis zu 10 Jahre betragen.<\/p>\n<p><strong>Rechte des Nutzers<\/strong><br \/>\n(1) Der Nutzer hat das Recht, Auskunft zu erhalten, welche personenbezogenen Daten von ihm gespeichert sind sowie ein Recht auf Berichtigung oder L\u00f6schung dieser Daten. Die mit Registrierung erteilten Einwilligungen zur Speicherung der IP Adresse zum Zwecke einer optimalen und sicheren Bestellabwicklung ist ebenfalls jederzeit mit Wirkung f\u00fcr die Zukunft zu widerrufen in dem sie Ihr Benutzerkonto l\u00f6schen, oder uns mit der L\u00f6schung beauftragen. Eine entsprechende Anfrage ist zu senden an handel@fms.co.at.<\/p>\n<p>(2) Sollten sich die gespeicherten Daten ge\u00e4ndert haben, kann der Nutzer seine Daten selbst \u00fcber sein Kundenkonto berichtigen.<\/p>\n<p><strong>Webanalyse mit Google Analytics<\/strong><br \/>\nDiese Website benutzt Google Analytics, einen Webanalysedienst der Google Inc. (\u201eGoogle\u201c). Google Analytics verwendet sog. \u201eCookies\u201c, Textdateien, die auf Ihrem Computer gespeichert werden und die eine Analyse der Benutzung der Website durch Sie erm\u00f6glichen. Die durch den Cookie erzeugten Informationen u\u0308ber Ihre Benutzung dieser Website werden in der Regel an einen Server von Google in den USA u\u0308bertragen und dort gespeichert. Im Falle der Aktivierung der IP Anonymisierung auf dieser Webseite, wird Ihre IP-Adresse von Google jedoch innerhalb von Mitgliedstaaten der Europ\u00e4ischen Union oder in anderen Vertragsstaaten des Abkommens u\u0308ber den Europ\u00e4ischen Wirtschaftsraum zuvor geku\u0308rzt. Nur in Ausnahmef\u00e4llen wird die volle IP-Adresse an einen Server von Google in den USA u\u0308bertragen und dort geku\u0308rzt. Im Auftrag des Betreibers dieser Website wird Google diese Informationen benutzen, um Ihre Nutzung der Website auszuwerten, um Reports u\u0308ber die Websiteaktivit\u00e4ten zusammenzustellen und um weitere mit der Websitenutzung und der Internetnutzung verbundene Dienstleistungen gegenu\u0308ber dem Websitebetreiber zu erbringen. Die im Rahmen von Google Analytics von Ihrem Browser u\u0308bermittelte IP-Adresse wird nicht mit anderen Daten von Google zusammengefu\u0308hrt. Sie k\u00f6nnen die Speicherung der Cookies durch eine entsprechende Einstellung Ihrer Browser-Software verhindern; wir weisen Sie jedoch darauf hin, dass Sie in diesem Fall gegebenenfalls nicht s\u00e4mtliche Funktionen dieser Website vollumf\u00e4nglich nutzen k\u00f6nnen. Sie k\u00f6nnen daru\u0308ber hinaus die Erfassung der durch das Cookie erzeugten und auf Ihre Nutzung der Website bezogenen Daten (inkl. Ihrer IP-Adresse) an Google sowie die Verarbeitung dieser Daten durch Google verhindern, indem Sie das unter dem folgenden Link verfu\u0308gbare Browser-Plugin herunterladen und installieren: http:\/\/tools.google.com\/dlpage\/gaoptout?hl=de<\/p>\n<p><strong>Verwendung von Social Plugins von Facebook und Google+<\/strong><br \/>\nAuf unserer Website werden sogenannte Social Plugins (\u201ePlugins\u201c) der sozialen Netzwerke Facebook und Google+ verwendet. Diese Dienste werden von den Unternehmen Facebook Inc. und Google Inc. angeboten (\u201eAnbieter\u201c). Facebook wird betrieben von der Facebook Inc., 1601 S. California Ave, Palo Alto, CA 94304, USA (\u201eFacebook\u201c). Google+ wird betrieben von der Google Inc., 1600 Amphitheatre Parkway, Mountain View, CA 94043, USA (\u201eGoogle\u201c).<\/p>\n<p>Eine \u00dcbersicht u\u0308ber die Plugins und deren Aussehen finden Sie hier: http:\/\/developers.facebook.com\/plugins bzw. https:\/\/developers.google.com\/+\/plugins Wenn Sie eine Seite unseres Webauftritts aufrufen, die ein solches Plugin enth\u00e4lt, baut Ihr Browser eine direkte Verbindung zu den Servern von Google oder Facebook auf. Der Inhalt des Plugins wird vom jeweiligen Anbieter direkt an Ihren Browser u\u0308bermittelt und in die Seite eingebunden. Durch die Einbindung der Plugins erhalten die Anbieter die Information, dass Ihr Browser die entsprechende Seite unseres Webauftritts aufgerufen hat, auch wenn Sie kein Profil bei dem entsprechenden sozialen Netzwerk besitzt oder gerade nicht eingeloggt sind. Diese Information (einschlie\u00dflich Ihrer IP-Adresse) wird von Ihrem Browser direkt an einen Server des jeweiligen Anbieters in die USA u\u0308bermittelt und dort gespeichert. Sind Sie bei einem der sozialen Netzwerke eingeloggt, k\u00f6nnen die Anbieter den Besuch unserer Website Ihrem Profil auf Facebook bzw. Google+ unmittelbar zuordnen. Wenn Sie mit den Plugins interagieren, zum Beispiel den \u201eGef\u00e4llt mir\u201c- oder den \u201e+1\u201c-Button bet\u00e4tigen, wird die entsprechende Information ebenfalls direkt an einen Server der Anbieter u\u0308bermittelt und dort gespeichert. Die Informationen werden au\u00dferdem in dem sozialen Netzwerk ver\u00f6ffentlicht und dort Ihren Kontakten angezeigt. Zweck und Umfang der Datenerhebung und die weitere Verarbeitung und Nutzung der Daten durch die Anbieter sowie Ihre diesbezu\u0308glichen Rechte und Einstellungsm\u00f6glichkeiten zum Schutz Ihrer Privatsph\u00e4re entnehmen Sie bitte den Datenschutzhinweisen der Anbieter.<\/p>\n<p>Datenschutzhinweise von Facebook: http:\/\/www.facebook.com\/policy.php<br \/>\nDatenschutzhinweise von Google: http:\/\/www.google.com\/intl\/de\/+\/policy\/+1button.html<br \/>\nWenn Sie nicht m\u00f6chten, dass Google oder Facebook die u\u0308ber unseren Webauftritt gesammelten Daten unmittelbar Ihrem Profil in dem jeweiligen sozialen Netzwerk zuordnet, m\u00fcssen Sie sich vor Ihrem Besuch unserer Website bei dem entsprechenden Netzwerk ausloggen. Sie k\u00f6nnen das Laden der Plugins auch mit Add-Ons fu\u0308r Ihren Browser komplett verhindern,z.B. die Facebook-Plugins mit dem \u201eFacebook Blocker\u201c (http:\/\/webgraph.com\/resources\/facebookblocker\/).<\/p>\n<p><strong>Verwendung von Cookies<\/strong><br \/>\nDiese Webseite verwendet sog. Cookies, die auf Ihrem Computer abgespeichert werden. Bei \u201cCookies\u201d handelt es sich um kleine Textdateien, die von einer Website lokal im Speicher Ihres Internet-Browsers auf dem von Ihnen genutzten Rechner abgelegt werden k\u00f6nnen. Cookies erm\u00f6glichen insbesondere die Wiedererkennung des Internet-Browsers. Die Cookies unserer Website erheben keine pers\u00f6nlichen Daten \u00fcber Sie oder Ihre Nutzung. Einmal gesetzte Cookies k\u00f6nnen Sie jederzeit selbst l\u00f6schen, indem Sie den entsprechenden Men\u00fcpunkt in Ihrem Internet-Browser aufrufen oder die Cookies auf Ihrer Festplatte l\u00f6schen. Einzelheiten hierzu finden Sie im Hilfemen\u00fc Ihres Internet-Browsers.<\/p>\n<p><strong>Sonstiges<\/strong><br \/>\n(1) \u201eVitaminkistl\u201c verweist in seinem Shop-Netzwerk gelegentlich auf die Webseiten Dritter. Obwohl \u201eVitaminkistl\u201c diese Dritten sorgf\u00e4ltig aussucht, kann \u201eVitaminkistl\u201c keine Gew\u00e4hr und Haftung f\u00fcr die Richtigkeit bzw. Vollst\u00e4ndigkeit der Inhalte und die Datensicherheit von Websites Dritter \u00fcbernehmen. Auch gilt diese Datenschutzerkl\u00e4rung nicht f\u00fcr verlinkte Webseiten Dritter.<\/p>\n<p>(2) Eine Nutzung des \u201eVitaminkistl\u201c Shop-Netzwerks erfolgt mit dem Einsatz eines Cookies. Voraussetzung hierf\u00fcr ist, dass der Nutzer die Cookies in seinen Browsereinstellungen aktiviert hat, ansonsten kann es zu Darstellungsfehlern des jeweiligen Onlineportals kommen.<\/p>\n<p>(3) Soweit \u201eVitaminkistl\u201c neue Produkte oder Dienstleistungen einf\u00fchrt, Internet-Verfahren \u00e4ndert oder wenn sich die Internet- und EDV-Sicherheitstechnik weiterentwickelt, ist die Datenschutzerkl\u00e4rung zu aktualisieren. \u201eVitaminkistl\u201c beh\u00e4lt deshalb das Recht vor, die Erkl\u00e4rung nach Bedarf zu \u00e4ndern oder zu erg\u00e4nzen. Die \u00c4nderungen wird \u201eVitaminkistl\u201c an dieser Stelle ver\u00f6ffentlichen. Daher sollte der Nutzer diese Website regelm\u00e4\u00dfig aufrufen, um sich \u00fcber den aktuellen Stand der Datenschutzerkl\u00e4rung zu informieren.<\/p>\n<\/div><\/section><\/div>\n","protected":false},"excerpt":{"rendered":"","protected":false},"author":1,"featured_media":0,"parent":0,"menu_order":0,"comment_status":"closed","ping_status":"closed","template":"","meta":{"footnotes":""},"class_list":["post-3714","page","type-page","status-publish","hentry"],"yoast_head":"<!-- This site is optimized with the Yoast SEO plugin v27.4 - https:\/\/yoast.com\/product\/yoast-seo-wordpress\/ -->\n<title>Vitaminkistl - vitaminkistl.at - regional saisonal mit Liebe<\/title>\n<meta name=\"description\" content=\"Wir vom Vitaminkistl haben es uns zur Aufgabe gemacht, euch mit regionalen K\u00f6stlichkeiten zu verw\u00f6hnen.\" \/>\n<meta name=\"robots\" content=\"index, follow, max-snippet:-1, max-image-preview:large, max-video-preview:-1\" \/>\n<link rel=\"canonical\" href=\"https:\/\/vitaminkistl.at\/index.php\/agb\/\" \/>\n<meta property=\"og:locale\" content=\"de_DE\" \/>\n<meta property=\"og:type\" content=\"article\" \/>\n<meta property=\"og:title\" content=\"Vitaminkistl - vitaminkistl.at - regional saisonal mit Liebe\" \/>\n<meta property=\"og:description\" content=\"Wir vom Vitaminkistl haben es uns zur Aufgabe gemacht, euch mit regionalen K\u00f6stlichkeiten zu verw\u00f6hnen.\" \/>\n<meta property=\"og:url\" content=\"https:\/\/vitaminkistl.at\/index.php\/agb\/\" \/>\n<meta property=\"og:site_name\" content=\"vitaminkistl.at\" \/>\n<meta property=\"article:modified_time\" content=\"2021-01-17T22:47:16+00:00\" \/>\n<meta name=\"twitter:card\" content=\"summary_large_image\" \/>\n<meta name=\"twitter:label1\" content=\"Gesch\u00e4tzte Lesezeit\" \/>\n\t<meta name=\"twitter:data1\" content=\"8\u00a0Minuten\" \/>\n<script type=\"application\/ld+json\" class=\"yoast-schema-graph\">{\"@context\":\"https:\\\/\\\/schema.org\",\"@graph\":[{\"@type\":\"WebPage\",\"@id\":\"https:\\\/\\\/vitaminkistl.at\\\/index.php\\\/agb\\\/\",\"url\":\"https:\\\/\\\/vitaminkistl.at\\\/index.php\\\/agb\\\/\",\"name\":\"Vitaminkistl - vitaminkistl.at - regional saisonal mit Liebe\",\"isPartOf\":{\"@id\":\"https:\\\/\\\/vitaminkistl.at\\\/#website\"},\"datePublished\":\"2020-10-29T17:30:58+00:00\",\"dateModified\":\"2021-01-17T22:47:16+00:00\",\"description\":\"Wir vom Vitaminkistl haben es uns zur Aufgabe gemacht, euch mit regionalen K\u00f6stlichkeiten zu verw\u00f6hnen.\",\"breadcrumb\":{\"@id\":\"https:\\\/\\\/vitaminkistl.at\\\/index.php\\\/agb\\\/#breadcrumb\"},\"inLanguage\":\"de\",\"potentialAction\":[{\"@type\":\"ReadAction\",\"target\":[\"https:\\\/\\\/vitaminkistl.at\\\/index.php\\\/agb\\\/\"]}]},{\"@type\":\"BreadcrumbList\",\"@id\":\"https:\\\/\\\/vitaminkistl.at\\\/index.php\\\/agb\\\/#breadcrumb\",\"itemListElement\":[{\"@type\":\"ListItem\",\"position\":1,\"name\":\"Home\",\"item\":\"https:\\\/\\\/vitaminkistl.at\\\/index.php\\\/vitaminkistl\\\/\"},{\"@type\":\"ListItem\",\"position\":2,\"name\":\"AGB\"}]},{\"@type\":\"WebSite\",\"@id\":\"https:\\\/\\\/vitaminkistl.at\\\/#website\",\"url\":\"https:\\\/\\\/vitaminkistl.at\\\/\",\"name\":\"vitaminkistl.at\",\"description\":\"Das regionale Obst bzw. Gem\u00fcsekistl\",\"publisher\":{\"@id\":\"https:\\\/\\\/vitaminkistl.at\\\/#organization\"},\"potentialAction\":[{\"@type\":\"SearchAction\",\"target\":{\"@type\":\"EntryPoint\",\"urlTemplate\":\"https:\\\/\\\/vitaminkistl.at\\\/?s={search_term_string}\"},\"query-input\":{\"@type\":\"PropertyValueSpecification\",\"valueRequired\":true,\"valueName\":\"search_term_string\"}}],\"inLanguage\":\"de\"},{\"@type\":\"Organization\",\"@id\":\"https:\\\/\\\/vitaminkistl.at\\\/#organization\",\"name\":\"Vitaminkistl\",\"url\":\"https:\\\/\\\/vitaminkistl.at\\\/\",\"logo\":{\"@type\":\"ImageObject\",\"inLanguage\":\"de\",\"@id\":\"https:\\\/\\\/vitaminkistl.at\\\/#\\\/schema\\\/logo\\\/image\\\/\",\"url\":\"https:\\\/\\\/vitaminkistl.at\\\/wp-content\\\/uploads\\\/2020\\\/03\\\/Logo_Vitaminkistl_v1.png\",\"contentUrl\":\"https:\\\/\\\/vitaminkistl.at\\\/wp-content\\\/uploads\\\/2020\\\/03\\\/Logo_Vitaminkistl_v1.png\",\"width\":1036,\"height\":291,\"caption\":\"Vitaminkistl\"},\"image\":{\"@id\":\"https:\\\/\\\/vitaminkistl.at\\\/#\\\/schema\\\/logo\\\/image\\\/\"}}]}<\/script>\n<!-- \/ Yoast SEO plugin. -->","yoast_head_json":{"title":"Vitaminkistl - vitaminkistl.at - regional saisonal mit Liebe","description":"Wir vom Vitaminkistl haben es uns zur Aufgabe gemacht, euch mit regionalen K\u00f6stlichkeiten zu verw\u00f6hnen.","robots":{"index":"index","follow":"follow","max-snippet":"max-snippet:-1","max-image-preview":"max-image-preview:large","max-video-preview":"max-video-preview:-1"},"canonical":"https:\/\/vitaminkistl.at\/index.php\/agb\/","og_locale":"de_DE","og_type":"article","og_title":"Vitaminkistl - vitaminkistl.at - regional saisonal mit Liebe","og_description":"Wir vom Vitaminkistl haben es uns zur Aufgabe gemacht, euch mit regionalen K\u00f6stlichkeiten zu verw\u00f6hnen.","og_url":"https:\/\/vitaminkistl.at\/index.php\/agb\/","og_site_name":"vitaminkistl.at","article_modified_time":"2021-01-17T22:47:16+00:00","twitter_card":"summary_large_image","twitter_misc":{"Gesch\u00e4tzte Lesezeit":"8\u00a0Minuten"},"schema":{"@context":"https:\/\/schema.org","@graph":[{"@type":"WebPage","@id":"https:\/\/vitaminkistl.at\/index.php\/agb\/","url":"https:\/\/vitaminkistl.at\/index.php\/agb\/","name":"Vitaminkistl - vitaminkistl.at - regional saisonal mit Liebe","isPartOf":{"@id":"https:\/\/vitaminkistl.at\/#website"},"datePublished":"2020-10-29T17:30:58+00:00","dateModified":"2021-01-17T22:47:16+00:00","description":"Wir vom Vitaminkistl haben es uns zur Aufgabe gemacht, euch mit regionalen K\u00f6stlichkeiten zu verw\u00f6hnen.","breadcrumb":{"@id":"https:\/\/vitaminkistl.at\/index.php\/agb\/#breadcrumb"},"inLanguage":"de","potentialAction":[{"@type":"ReadAction","target":["https:\/\/vitaminkistl.at\/index.php\/agb\/"]}]},{"@type":"BreadcrumbList","@id":"https:\/\/vitaminkistl.at\/index.php\/agb\/#breadcrumb","itemListElement":[{"@type":"ListItem","position":1,"name":"Home","item":"https:\/\/vitaminkistl.at\/index.php\/vitaminkistl\/"},{"@type":"ListItem","position":2,"name":"AGB"}]},{"@type":"WebSite","@id":"https:\/\/vitaminkistl.at\/#website","url":"https:\/\/vitaminkistl.at\/","name":"vitaminkistl.at","description":"Das regionale Obst bzw. Gem\u00fcsekistl","publisher":{"@id":"https:\/\/vitaminkistl.at\/#organization"},"potentialAction":[{"@type":"SearchAction","target":{"@type":"EntryPoint","urlTemplate":"https:\/\/vitaminkistl.at\/?s={search_term_string}"},"query-input":{"@type":"PropertyValueSpecification","valueRequired":true,"valueName":"search_term_string"}}],"inLanguage":"de"},{"@type":"Organization","@id":"https:\/\/vitaminkistl.at\/#organization","name":"Vitaminkistl","url":"https:\/\/vitaminkistl.at\/","logo":{"@type":"ImageObject","inLanguage":"de","@id":"https:\/\/vitaminkistl.at\/#\/schema\/logo\/image\/","url":"https:\/\/vitaminkistl.at\/wp-content\/uploads\/2020\/03\/Logo_Vitaminkistl_v1.png","contentUrl":"https:\/\/vitaminkistl.at\/wp-content\/uploads\/2020\/03\/Logo_Vitaminkistl_v1.png","width":1036,"height":291,"caption":"Vitaminkistl"},"image":{"@id":"https:\/\/vitaminkistl.at\/#\/schema\/logo\/image\/"}}]}},"_links":{"self":[{"href":"https:\/\/vitaminkistl.at\/index.php\/wp-json\/wp\/v2\/pages\/3714","targetHints":{"allow":["GET"]}}],"collection":[{"href":"https:\/\/vitaminkistl.at\/index.php\/wp-json\/wp\/v2\/pages"}],"about":[{"href":"https:\/\/vitaminkistl.at\/index.php\/wp-json\/wp\/v2\/types\/page"}],"author":[{"embeddable":true,"href":"https:\/\/vitaminkistl.at\/index.php\/wp-json\/wp\/v2\/users\/1"}],"replies":[{"embeddable":true,"href":"https:\/\/vitaminkistl.at\/index.php\/wp-json\/wp\/v2\/comments?post=3714"}],"version-history":[{"count":5,"href":"https:\/\/vitaminkistl.at\/index.php\/wp-json\/wp\/v2\/pages\/3714\/revisions"}],"predecessor-version":[{"id":6241,"href":"https:\/\/vitaminkistl.at\/index.php\/wp-json\/wp\/v2\/pages\/3714\/revisions\/6241"}],"wp:attachment":[{"href":"https:\/\/vitaminkistl.at\/index.php\/wp-json\/wp\/v2\/media?parent=3714"}],"curies":[{"name":"wp","href":"https:\/\/api.w.org\/{rel}","templated":true}]}}